{"id":152,"date":"2022-01-28T08:01:11","date_gmt":"2022-01-28T08:01:11","guid":{"rendered":"https:\/\/ovdental.md\/?post_type=product&#038;p=152"},"modified":"2022-01-28T08:01:12","modified_gmt":"2022-01-28T08:01:12","slug":"be-korea-prep","status":"publish","type":"product","link":"https:\/\/ovdental.md\/index.php\/product\/be-korea-prep\/","title":{"rendered":"B&#038;E Korea &#8212; Prep"},"content":{"rendered":"","protected":false},"excerpt":{"rendered":"<p><strong>B&amp;E Prep<\/strong> face o legare lin\u0103 \u0219i previne ruperea fi\u0219ierelor<br \/>\nOfer\u0103 cel mai curat perete al canalului dup\u0103 \u00eendep\u0103rtarea stratului de pete<br \/>\nFace\u021bi preg\u0103tirea canalelor \u00eenguste mai rapid\u0103 \u0219i mai u\u0219oar\u0103<br \/>\n<strong>B&amp;E Prep<\/strong> 6g sering\u0103 x 2ea, v\u00e2rf<\/p>\n","protected":false},"featured_media":0,"comment_status":"open","ping_status":"closed","template":"","meta":[],"product_cat":[21],"product_tag":[],"_links":{"self":[{"href":"https:\/\/ovdental.md\/index.php\/wp-json\/wp\/v2\/product\/152"}],"collection":[{"href":"https:\/\/ovdental.md\/index.php\/wp-json\/wp\/v2\/product"}],"about":[{"href":"https:\/\/ovdental.md\/index.php\/wp-json\/wp\/v2\/types\/product"}],"replies":[{"embeddable":true,"href":"https:\/\/ovdental.md\/index.php\/wp-json\/wp\/v2\/comments?post=152"}],"wp:attachment":[{"href":"https:\/\/ovdental.md\/index.php\/wp-json\/wp\/v2\/media?parent=152"}],"wp:term":[{"taxonomy":"product_cat","embeddable":true,"href":"https:\/\/ovdental.md\/index.php\/wp-json\/wp\/v2\/product_cat?post=152"},{"taxonomy":"product_tag","embeddable":true,"href":"https:\/\/ovdental.md\/index.php\/wp-json\/wp\/v2\/product_tag?post=152"}],"curies":[{"name":"wp","href":"https:\/\/api.w.org\/{rel}","templated":true}]}}