{"id":156,"date":"2022-02-01T14:01:35","date_gmt":"2022-02-01T14:01:35","guid":{"rendered":"https:\/\/ovdental.md\/?post_type=product&#038;p=156"},"modified":"2022-02-01T14:07:29","modified_gmt":"2022-02-01T14:07:29","slug":"be-korea-x-fil-set-4x4","status":"publish","type":"product","link":"https:\/\/ovdental.md\/index.php\/product\/be-korea-x-fil-set-4x4\/","title":{"rendered":"B&#038;E Korea &#8212; X-Fil Set 4&#215;4"},"content":{"rendered":"","protected":false},"excerpt":{"rendered":"<p><strong>R\u0103\u0219in\u0103 compozit\u0103 universal\u0103 fotopolimerizat\u0103<\/strong><br \/>\nPentru restaur\u0103ri posterioare \u0219i anterioare.<\/p>\n<p><strong>Ambalare<\/strong><br \/>\n4g sering\u0103 x 4ea<br \/>\nB&amp;E etch-37ml, sering\u0103 5ml x 1ea<br \/>\nFlacon Xs Bond 5ml x 1ea<\/p>\n","protected":false},"featured_media":0,"comment_status":"open","ping_status":"closed","template":"","meta":[],"product_cat":[21],"product_tag":[],"_links":{"self":[{"href":"https:\/\/ovdental.md\/index.php\/wp-json\/wp\/v2\/product\/156"}],"collection":[{"href":"https:\/\/ovdental.md\/index.php\/wp-json\/wp\/v2\/product"}],"about":[{"href":"https:\/\/ovdental.md\/index.php\/wp-json\/wp\/v2\/types\/product"}],"replies":[{"embeddable":true,"href":"https:\/\/ovdental.md\/index.php\/wp-json\/wp\/v2\/comments?post=156"}],"wp:attachment":[{"href":"https:\/\/ovdental.md\/index.php\/wp-json\/wp\/v2\/media?parent=156"}],"wp:term":[{"taxonomy":"product_cat","embeddable":true,"href":"https:\/\/ovdental.md\/index.php\/wp-json\/wp\/v2\/product_cat?post=156"},{"taxonomy":"product_tag","embeddable":true,"href":"https:\/\/ovdental.md\/index.php\/wp-json\/wp\/v2\/product_tag?post=156"}],"curies":[{"name":"wp","href":"https:\/\/api.w.org\/{rel}","templated":true}]}}