{"id":174,"date":"2022-02-03T11:52:05","date_gmt":"2022-02-03T11:52:05","guid":{"rendered":"https:\/\/ovdental.md\/?post_type=product&#038;p=174"},"modified":"2022-02-03T12:27:38","modified_gmt":"2022-02-03T12:27:38","slug":"be-korea-block-dan-x4","status":"publish","type":"product","link":"https:\/\/ovdental.md\/index.php\/product\/be-korea-block-dan-x4\/","title":{"rendered":"B&#038;E Korea &#8212; Block Dam x4"},"content":{"rendered":"","protected":false},"excerpt":{"rendered":"<p>Folosit pentru a ob\u021bine etan\u0219area complet\u0103 cu izolarea barajului de cauciuc<br \/>\nFolosit pentru acumularea temporar\u0103 \u00een timpul tratamentului endodontic<br \/>\nFolosit pentru protec\u021bia gingivale \u00een timpul procedurilor de albire<br \/>\nUtilizare u\u0219oar\u0103 \u0219i \u00eent\u0103rire rapid\u0103<br \/>\n\u00cendep\u0103rtare u\u0219oar\u0103 \u0219i rapid\u0103 dup\u0103 tratament<br \/>\n<strong>Disponibil \u00een 1,2 ML<\/strong><\/p>\n","protected":false},"featured_media":0,"comment_status":"open","ping_status":"closed","template":"","meta":[],"product_cat":[21],"product_tag":[],"_links":{"self":[{"href":"https:\/\/ovdental.md\/index.php\/wp-json\/wp\/v2\/product\/174"}],"collection":[{"href":"https:\/\/ovdental.md\/index.php\/wp-json\/wp\/v2\/product"}],"about":[{"href":"https:\/\/ovdental.md\/index.php\/wp-json\/wp\/v2\/types\/product"}],"replies":[{"embeddable":true,"href":"https:\/\/ovdental.md\/index.php\/wp-json\/wp\/v2\/comments?post=174"}],"wp:attachment":[{"href":"https:\/\/ovdental.md\/index.php\/wp-json\/wp\/v2\/media?parent=174"}],"wp:term":[{"taxonomy":"product_cat","embeddable":true,"href":"https:\/\/ovdental.md\/index.php\/wp-json\/wp\/v2\/product_cat?post=174"},{"taxonomy":"product_tag","embeddable":true,"href":"https:\/\/ovdental.md\/index.php\/wp-json\/wp\/v2\/product_tag?post=174"}],"curies":[{"name":"wp","href":"https:\/\/api.w.org\/{rel}","templated":true}]}}