{"id":178,"date":"2022-02-03T12:09:28","date_gmt":"2022-02-03T12:09:28","guid":{"rendered":"https:\/\/ovdental.md\/?post_type=product&#038;p=178"},"modified":"2022-02-03T12:09:31","modified_gmt":"2022-02-03T12:09:31","slug":"be-korea-chemicore-a3-x2","status":"publish","type":"product","link":"https:\/\/ovdental.md\/index.php\/product\/be-korea-chemicore-a3-x2\/","title":{"rendered":"B&#038;E Korea &#8212; ChemiCore A3 x2"},"content":{"rendered":"","protected":false},"excerpt":{"rendered":"<p><strong>Ciment de r\u0103\u0219in\u0103 cu \u00eent\u0103rire dubl\u0103 utilizat pentru cimentarea post \u0219i miez<\/strong>. Folosit pentru cimentarea st\u00e2lpului de fibre \u0219i Onlay-Inlay Ofer\u0103 rezisten\u021b\u0103 la forfecare \u0219i la stres Folosit pentru formarea din\u021bilor dup\u0103 cementarea fibrelor Folosit pentru restaurarea complex\u0103 a din\u021bilor posteriori trata\u021bi endodontic, cu cantit\u0103\u021bi mari Disponibil \u00een sir de 10 g, v\u00e2rfuri eco<\/p>\n","protected":false},"featured_media":0,"comment_status":"open","ping_status":"closed","template":"","meta":[],"product_cat":[21],"product_tag":[],"_links":{"self":[{"href":"https:\/\/ovdental.md\/index.php\/wp-json\/wp\/v2\/product\/178"}],"collection":[{"href":"https:\/\/ovdental.md\/index.php\/wp-json\/wp\/v2\/product"}],"about":[{"href":"https:\/\/ovdental.md\/index.php\/wp-json\/wp\/v2\/types\/product"}],"replies":[{"embeddable":true,"href":"https:\/\/ovdental.md\/index.php\/wp-json\/wp\/v2\/comments?post=178"}],"wp:attachment":[{"href":"https:\/\/ovdental.md\/index.php\/wp-json\/wp\/v2\/media?parent=178"}],"wp:term":[{"taxonomy":"product_cat","embeddable":true,"href":"https:\/\/ovdental.md\/index.php\/wp-json\/wp\/v2\/product_cat?post=178"},{"taxonomy":"product_tag","embeddable":true,"href":"https:\/\/ovdental.md\/index.php\/wp-json\/wp\/v2\/product_tag?post=178"}],"curies":[{"name":"wp","href":"https:\/\/api.w.org\/{rel}","templated":true}]}}