{"id":184,"date":"2022-02-03T14:00:14","date_gmt":"2022-02-03T14:00:14","guid":{"rendered":"https:\/\/ovdental.md\/?post_type=product&#038;p=184"},"modified":"2022-02-03T14:00:15","modified_gmt":"2022-02-03T14:00:15","slug":"be-korea-cem-implant","status":"publish","type":"product","link":"https:\/\/ovdental.md\/index.php\/product\/be-korea-cem-implant\/","title":{"rendered":"B&#038;E Korea &#8212; CEM Implant"},"content":{"rendered":"","protected":false},"excerpt":{"rendered":"<p><strong>Ciment de r\u0103\u0219in\u0103 cu dubl\u0103 \u00eent\u0103rire<\/strong><br \/>\nTermen lung<br \/>\nEste folosit pentru coroane \u0219i pun\u021bi peste implanturi dentare<br \/>\nPoate fi \u00eendep\u0103rtat cu u\u0219urin\u021b\u0103<\/p>\n","protected":false},"featured_media":0,"comment_status":"open","ping_status":"closed","template":"","meta":[],"product_cat":[21],"product_tag":[],"_links":{"self":[{"href":"https:\/\/ovdental.md\/index.php\/wp-json\/wp\/v2\/product\/184"}],"collection":[{"href":"https:\/\/ovdental.md\/index.php\/wp-json\/wp\/v2\/product"}],"about":[{"href":"https:\/\/ovdental.md\/index.php\/wp-json\/wp\/v2\/types\/product"}],"replies":[{"embeddable":true,"href":"https:\/\/ovdental.md\/index.php\/wp-json\/wp\/v2\/comments?post=184"}],"wp:attachment":[{"href":"https:\/\/ovdental.md\/index.php\/wp-json\/wp\/v2\/media?parent=184"}],"wp:term":[{"taxonomy":"product_cat","embeddable":true,"href":"https:\/\/ovdental.md\/index.php\/wp-json\/wp\/v2\/product_cat?post=184"},{"taxonomy":"product_tag","embeddable":true,"href":"https:\/\/ovdental.md\/index.php\/wp-json\/wp\/v2\/product_tag?post=184"}],"curies":[{"name":"wp","href":"https:\/\/api.w.org\/{rel}","templated":true}]}}