{"id":194,"date":"2022-02-03T15:15:55","date_gmt":"2022-02-03T15:15:55","guid":{"rendered":"https:\/\/ovdental.md\/?post_type=product&#038;p=194"},"modified":"2022-02-03T15:36:07","modified_gmt":"2022-02-03T15:36:07","slug":"coltene-affinis-light-body","status":"publish","type":"product","link":"https:\/\/ovdental.md\/index.php\/product\/coltene-affinis-light-body\/","title":{"rendered":"COLTENE &#8212; Affinis light body 2 x 50ml"},"content":{"rendered":"","protected":false},"excerpt":{"rendered":"<p><strong>Corpul de lumin\u0103 AFFINIS ofer\u0103 un unghi de contact sc\u0103zut \u0219i ud\u0103 extrem de eficient dintele \u0219i gingia<\/strong><br \/>\nPrima amprent\u0103 autoclavabil\u0103.<br \/>\nAfinitate inovatoare la suprafa\u021b\u0103.<br \/>\nFlux optimizat.<br \/>\nModele mai bune.<\/p>\n","protected":false},"featured_media":0,"comment_status":"open","ping_status":"closed","template":"","meta":[],"product_cat":[17],"product_tag":[],"_links":{"self":[{"href":"https:\/\/ovdental.md\/index.php\/wp-json\/wp\/v2\/product\/194"}],"collection":[{"href":"https:\/\/ovdental.md\/index.php\/wp-json\/wp\/v2\/product"}],"about":[{"href":"https:\/\/ovdental.md\/index.php\/wp-json\/wp\/v2\/types\/product"}],"replies":[{"embeddable":true,"href":"https:\/\/ovdental.md\/index.php\/wp-json\/wp\/v2\/comments?post=194"}],"wp:attachment":[{"href":"https:\/\/ovdental.md\/index.php\/wp-json\/wp\/v2\/media?parent=194"}],"wp:term":[{"taxonomy":"product_cat","embeddable":true,"href":"https:\/\/ovdental.md\/index.php\/wp-json\/wp\/v2\/product_cat?post=194"},{"taxonomy":"product_tag","embeddable":true,"href":"https:\/\/ovdental.md\/index.php\/wp-json\/wp\/v2\/product_tag?post=194"}],"curies":[{"name":"wp","href":"https:\/\/api.w.org\/{rel}","templated":true}]}}