{"id":198,"date":"2022-02-03T15:33:49","date_gmt":"2022-02-03T15:33:49","guid":{"rendered":"https:\/\/ovdental.md\/?post_type=product&#038;p=198"},"modified":"2022-02-03T15:33:50","modified_gmt":"2022-02-03T15:33:50","slug":"coltene-president-putty-2x-300ml","status":"publish","type":"product","link":"https:\/\/ovdental.md\/index.php\/product\/coltene-president-putty-2x-300ml\/","title":{"rendered":"COLTENE &#8212; President putty 2x 300ml"},"content":{"rendered":"","protected":false},"excerpt":{"rendered":"<p><strong>PRESIDENT<\/strong> Materialele t\u0103vi\u021bei Originale au o rezisten\u021b\u0103 la trac\u021biune \u0219i o elasticitate foarte ridicate, ceea ce permite o \u00eendep\u0103rtare confortabil\u0103 a amprentei din gura pacientului. PRESIDENT Chiturile originale sunt materiale t\u0103vitoare fr\u0103m\u00e2ntabile, foarte v\u00e2scoase. Recuperarea remarcabil\u0103 a Putty Soft \u0219i Putty super soft are ca rezultat amprente extrem de precise chiar \u0219i \u00een zonele cu degaj\u0103ri puternice.<\/p>\n","protected":false},"featured_media":0,"comment_status":"open","ping_status":"closed","template":"","meta":[],"product_cat":[17],"product_tag":[],"_links":{"self":[{"href":"https:\/\/ovdental.md\/index.php\/wp-json\/wp\/v2\/product\/198"}],"collection":[{"href":"https:\/\/ovdental.md\/index.php\/wp-json\/wp\/v2\/product"}],"about":[{"href":"https:\/\/ovdental.md\/index.php\/wp-json\/wp\/v2\/types\/product"}],"replies":[{"embeddable":true,"href":"https:\/\/ovdental.md\/index.php\/wp-json\/wp\/v2\/comments?post=198"}],"wp:attachment":[{"href":"https:\/\/ovdental.md\/index.php\/wp-json\/wp\/v2\/media?parent=198"}],"wp:term":[{"taxonomy":"product_cat","embeddable":true,"href":"https:\/\/ovdental.md\/index.php\/wp-json\/wp\/v2\/product_cat?post=198"},{"taxonomy":"product_tag","embeddable":true,"href":"https:\/\/ovdental.md\/index.php\/wp-json\/wp\/v2\/product_tag?post=198"}],"curies":[{"name":"wp","href":"https:\/\/api.w.org\/{rel}","templated":true}]}}