{"id":213,"date":"2022-02-16T08:46:25","date_gmt":"2022-02-16T08:46:25","guid":{"rendered":"https:\/\/ovdental.md\/?post_type=product&#038;p=213"},"modified":"2022-05-01T15:31:16","modified_gmt":"2022-05-01T15:31:16","slug":"coltene-brilliant-everglow-seringa-3g","status":"publish","type":"product","link":"https:\/\/ovdental.md\/index.php\/product\/coltene-brilliant-everglow-seringa-3g\/","title":{"rendered":"COLTENE &#8212; BRILLIANT EverGlow Seringa 3g"},"content":{"rendered":"","protected":false},"excerpt":{"rendered":"<p><strong>REZULTATELE PRODUSULUI BRILLIANT.<br \/>\nCompozit Universal Submicron DUO.<\/strong><\/p>\n<h5><strong>Culori disponibile<br \/>\n<\/strong><strong>Enamel Universal:\u00a0 A1\/B1\u00a0 \u00a0A2\/B2\u00a0 \u00a0A3\/D3\u00a0 \u00a0A3,5\/B3\u00a0 TRANS<br \/>\nEnamel Opalescent:\u00a0 OA1\u00a0 OA2\u00a0 OA3\u00a0 OPAC ALB<\/strong><\/h5>\n<p>Pot fi ob\u021binute restaur\u0103ri deosebit de estetice \u0219i durabile f\u0103r\u0103 efort, cu compozitul universal BRILLIANT EverGlow. A fost conceput cu accent special pe estetic\u0103 \u0219i pe u\u0219urin\u021ba de utilizare. Ca atare, exceleaz\u0103 prin manipulare comod\u0103, prin nuan\u021be care se adapteaz\u0103 cromatic excep\u021bional de bine \u0219i prin calit\u0103\u021bi date de luciul intens. BRILLIANT EverGlow nu este numai u\u0219or de lustruit. Mul\u021bumit\u0103 rezisten\u021bei crescute la abraziune \u0219i men\u021binerii \u00eendelungate a luciului, ofer\u0103 de asemenea rezultate excelente pe termen lung.<br \/>\n\u2022 Capacitate de lustruire excep\u021bional\u0103 \u0219i str\u0103lucire intens\u0103, de lung\u0103 durat\u0103<br \/>\n\u2022 Restaur\u0103ri monocromatice estetice<br \/>\n\u2022 Sistem versatil de nuan\u021be, cu trei niveluri de transparen\u021b\u0103<br \/>\n\u2022 Sculptabilitate excelent\u0103 \u0219i consisten\u021b\u0103 omogen\u0103<br \/>\n\u2022 Capacitate bun\u0103 de umectare, cu aderen\u021b\u0103 minim\u0103 la instrument<\/p>\n<p><strong>CAPACITATE DE LUSTRUIRE EXCEP\u021aIONAL\u0102 \u0218I STR\u0102LUCIRE INTENS\u0102, DE LUNG\u0102 DURAT\u0102<\/strong><br \/>\n<strong>COMPOZI\u021aIA MATERIALULUI DE UMPLUTUR\u0102 SE AXEAZ\u0102 PE LUCIU<\/strong><br \/>\nDatorit\u0103 compozi\u021biei submicronice a materialului s\u0103u de umplutur\u0103, BRILLIANT EverGlow prezint\u0103 imediat o suprafa\u021b\u0103 excep\u021bional de neted\u0103 \u0219i o str\u0103lucire satinat\u0103, de \u00eendat\u0103 ce se aplic\u0103 obtura\u021bia. Aceasta simplific\u0103 lustruirea, permi\u021b\u00e2nd efectuarea unor restaur\u0103ri deosebit de estetice \u00eentr-un timp foarte scurt. Iar \u00een decursul timpului, BRILLIANT EverGlow convinge prin men\u021binerea luciului s\u0103u intens.<\/p>\n<p><strong>EVALUAREA CAPACIT\u0102\u021aII DE LUSTRUIRE<\/strong><br \/>\nBuna capacitate de lustruire a fost confirmat\u0103 de medicii stomatologi. \u00centr-un sondaj printre 39 de medici stomatologi din Europa \u0219i SUA, 100% din medicii stomatologi au acordat un scor pozitiv. 76,9% au acordat chiar scorul cel mai bun cu putin\u021b\u0103.<br \/>\n<strong>MEN\u021aINEREA LUCIULUI<\/strong><br \/>\nDup\u0103 expunere \u00een simulatorul de periaj dentar, m\u0103surat\u0103 \u00een unit\u0103\u021bi de luciu (gloss units, GU).<br \/>\nChiar \u0219i dup\u0103 \u00eenc\u0103rcarea sa timp de mai mult de 20.000 de cicluri \u00eentr-un simulator de periaj dentar, BRILLIANT EverGlow \u00ee\u0219i p\u0103streaz\u0103 luciul de nivel \u00eenalt.<br \/>\n<strong>RESTAUR\u0102RI MONOCROMATICE ESTETICE, CU NUAN\u021aE UNIVERSALE <\/strong><br \/>\n<strong>COLTENE ESTE INOVATOR \u00ceN ESTETICA CROMATIC\u0102<\/strong><br \/>\nBRILLIANT EverGlow ofer\u0103 nuan\u021be universale \u00een sistemul consacrat Duo Shade inventat de COLTENE. Duo Shades simplific\u0103 managementul cromatic prin combinarea a dou\u0103 nuan\u021be VITA* \u00eentr-o singur\u0103 nuan\u021b\u0103 (de exemplu, A1\/B1 sau A2\/B2). Acest lucru devine posibil prin propriet\u0103\u021bile optice ale Duo Shades, care permit adaptarea cromatic\u0103 armonioas\u0103 la din\u021bii \u00eenvecina\u021bi.<br \/>\n\u00cen cazul produsului BRILLIANT EverGlow, conceptul Duo Shade a fost dus la nivelul urm\u0103tor: nuan\u021bele universale. Prin utilizarea unei singure nuan\u021be universale, se pot realiza restaur\u0103ri monocromatice unitare, elimin\u00e2ndu-se necesitatea de a ad\u0103uga un material transparent pentru smal\u021b. Ob\u021binerea unui aspect deosebit de estetic nu a fost niciodat\u0103 mai u\u0219oar\u0103.<\/p>\n","protected":false},"featured_media":0,"comment_status":"open","ping_status":"closed","template":"","meta":[],"product_cat":[17],"product_tag":[],"_links":{"self":[{"href":"https:\/\/ovdental.md\/index.php\/wp-json\/wp\/v2\/product\/213"}],"collection":[{"href":"https:\/\/ovdental.md\/index.php\/wp-json\/wp\/v2\/product"}],"about":[{"href":"https:\/\/ovdental.md\/index.php\/wp-json\/wp\/v2\/types\/product"}],"replies":[{"embeddable":true,"href":"https:\/\/ovdental.md\/index.php\/wp-json\/wp\/v2\/comments?post=213"}],"wp:attachment":[{"href":"https:\/\/ovdental.md\/index.php\/wp-json\/wp\/v2\/media?parent=213"}],"wp:term":[{"taxonomy":"product_cat","embeddable":true,"href":"https:\/\/ovdental.md\/index.php\/wp-json\/wp\/v2\/product_cat?post=213"},{"taxonomy":"product_tag","embeddable":true,"href":"https:\/\/ovdental.md\/index.php\/wp-json\/wp\/v2\/product_tag?post=213"}],"curies":[{"name":"wp","href":"https:\/\/api.w.org\/{rel}","templated":true}]}}