{"id":218,"date":"2022-02-16T09:50:45","date_gmt":"2022-02-16T09:50:45","guid":{"rendered":"https:\/\/ovdental.md\/?post_type=product&#038;p=218"},"modified":"2022-02-16T11:03:40","modified_gmt":"2022-02-16T11:03:40","slug":"coltene-brilliant-everglow-set-4x","status":"publish","type":"product","link":"https:\/\/ovdental.md\/index.php\/product\/coltene-brilliant-everglow-set-4x\/","title":{"rendered":"COLTENE &#8212; BRILLIANT EverGlow SET 4x 3g"},"content":{"rendered":"","protected":false},"excerpt":{"rendered":"<p><strong>BRILIANT EverGlow\u00ae<\/strong><br \/>\nDurabilitatea luciului &#8212; luxul unui diamant<br \/>\nCu BRILLIANT EverGlow, restaur\u0103rile extrem de estetice \u0219i durabile pot fi realizate f\u0103r\u0103 efort.<\/p>\n<p><strong>Trial Kit Syringe SET include urmatoarele culori:<\/strong><\/p>\n<p><strong>1 x 3 g BRILLIANT EverGlow A2\/B2<\/strong><br \/>\n<strong>1 x 3 g BRILLIANT EverGlow A3\/D3<\/strong><br \/>\n<strong>1 x 3 g BRILLIANT EverGlow A3.5\/B3<\/strong><br \/>\n<strong>1 x 3 g BRILLIANT EverGlow Translucent (Trans)<\/strong><\/p>\n<p>BRILLIANT EverGlow este un compozit hibrid submicron versatil, cu modelare u\u0219oar\u0103 \u0219i stabilitate dimensional\u0103, lustruire excelent\u0103 \u0219i luciu de lung\u0103 durat\u0103. Sistemul avansat de nuan\u021b\u0103 are trei niveluri de transluciditate \u0219i se bazeaz\u0103 pe tehnologia \u00eembun\u0103t\u0103\u021bit\u0103 Duo Shade, care ofer\u0103 versatilitate pentru crearea restaur\u0103rilor folosind o singur\u0103 nuan\u021b\u0103 sau tehnica obi\u0219nuit\u0103 cu mai multe straturi.<br \/>\nLustruire excep\u021bional\u0103 \u0219i str\u0103lucire de lung\u0103 durat\u0103<br \/>\nRestaur\u0103ri estetice folosind o singur\u0103 nuan\u021b\u0103<br \/>\nSistem de umbr\u0103 versatil cu trei niveluri de transluciditate<br \/>\nModelare excelent\u0103 \u0219i consisten\u021b\u0103 uniform\u0103<br \/>\nAderen\u021b\u0103 ini\u021bial\u0103 bun\u0103 cu lipirea minim\u0103 a sculei<br \/>\nEverGlow Flow GENIAL<\/p>\n<p>BRILLIANT EverGlow Flow se bazeaz\u0103 pe aceea\u0219i tehnologie de umplere ca \u0219i BRILLIANT EverGlow \u0219i, prin urmare, este complementul perfect. Datorit\u0103 efectului de tixotropie echilibrat\u0103, BRILLIANT EverGlow Flow are o v\u00e2scozitate sc\u0103zut\u0103 cu un nivel ridicat de stabilitate. Noul v\u00e2rf de aplicator ultra-sub\u021bire completeaz\u0103 setul de accesorii \u0219i asigur\u0103 precizie maxim\u0103 la aplicarea materialului.<br \/>\nStabilitate ridicat\u0103 cu fluiditate excelent\u0103<br \/>\nFluiditate excelent\u0103 pentru o distribu\u021bie u\u0219oar\u0103<br \/>\nConcept de umbr\u0103 convenabil &#8212; inclusiv umbr\u0103 opac<br \/>\nComplement ideal pentru BRILLIANT EverGlow Regular Composite<br \/>\nDou\u0103 dimensiuni de sfaturi de aplicare pentru diferite situa\u021bii clinice<\/p>\n","protected":false},"featured_media":0,"comment_status":"open","ping_status":"closed","template":"","meta":[],"product_cat":[17],"product_tag":[],"_links":{"self":[{"href":"https:\/\/ovdental.md\/index.php\/wp-json\/wp\/v2\/product\/218"}],"collection":[{"href":"https:\/\/ovdental.md\/index.php\/wp-json\/wp\/v2\/product"}],"about":[{"href":"https:\/\/ovdental.md\/index.php\/wp-json\/wp\/v2\/types\/product"}],"replies":[{"embeddable":true,"href":"https:\/\/ovdental.md\/index.php\/wp-json\/wp\/v2\/comments?post=218"}],"wp:attachment":[{"href":"https:\/\/ovdental.md\/index.php\/wp-json\/wp\/v2\/media?parent=218"}],"wp:term":[{"taxonomy":"product_cat","embeddable":true,"href":"https:\/\/ovdental.md\/index.php\/wp-json\/wp\/v2\/product_cat?post=218"},{"taxonomy":"product_tag","embeddable":true,"href":"https:\/\/ovdental.md\/index.php\/wp-json\/wp\/v2\/product_tag?post=218"}],"curies":[{"name":"wp","href":"https:\/\/api.w.org\/{rel}","templated":true}]}}