{"id":221,"date":"2022-02-16T11:02:06","date_gmt":"2022-02-16T11:02:06","guid":{"rendered":"https:\/\/ovdental.md\/?post_type=product&#038;p=221"},"modified":"2022-02-16T11:02:06","modified_gmt":"2022-02-16T11:02:06","slug":"coltene-synergy-d6-set-intro-kit-8x-4g","status":"publish","type":"product","link":"https:\/\/ovdental.md\/index.php\/product\/coltene-synergy-d6-set-intro-kit-8x-4g\/","title":{"rendered":"COLTENE &#8212; SYNERGY D6 Set Intro Kit 8x 4g"},"content":{"rendered":"","protected":false},"excerpt":{"rendered":"<p><strong>SYNERGY\u00ae D6<br \/>\n<\/strong>Beauty made simple<\/p>\n<p><strong>SYNERGY D6 Set Intro Kit 8x con\u0163ine:<\/strong><\/p>\n<p>1 x 4 g SYNERGY D6 Dentin White Bleach (WB)<br \/>\n1 x 4 g SYNERGY D6 Dentin A1\/B1<br \/>\n1 x 4 g SYNERGY D6 Dentin A2\/B2<br \/>\n1 x 4 g SYNERGY D6 Dentin A3\/D3<br \/>\n1 x 4 g SYNERGY D6 Dentin A3.5\/B3<br \/>\n1 x 4 g SYNERGY D6 Dentin C2\/C3<br \/>\n1 x 4 g SYNERGY D6 Enamel Universal<br \/>\n1 x 4 g SYNERGY D6 Enamel White Opalescent (WO)<br \/>\n1 xSYNERGY D6 Shade Guide<\/p>\n<p><strong>SYNERGY D6<\/strong> este un compozit nano-hibrid pentru stomatologia de zi cu zi. Acest compozit universal se concentreaz\u0103 complet pe simplificarea selec\u021biei nuan\u021belor f\u0103r\u0103 a neglija aspectele estetice.<\/p>\n<p>O caracteristic\u0103 special\u0103 este sistemul duo-shade care se aplic\u0103 pentru 6 dintre nuan\u021be dentine. Datorit\u0103 propriet\u0103\u021bilor optice excelente de auto-amestecare, o nuan\u021b\u0103 duo se potrive\u0219te cu 2 nuan\u021be Vita\u2122 (de exemplu, A1\/B1 sau A2\/B2). Ca rezultat, un num\u0103r mic de nuan\u021be este suficient pentru a acoperi o gam\u0103 larg\u0103 de nuan\u021be dentare. In total, sortimentul SYNERGY D6 ofera 8 nuante de dentina si 2 nuante de email.<br \/>\nSYNERGY D6 Flow este complementul perfect pentru toate celelalte produse SYNERGY D6. Formula lui Synergy D6 Flow se bazeaz\u0103 pe tehnologia SYNERGY D6. Este fluid \u0219i u\u0219or de utilizat chiar \u0219i \u00een cele mai mici cavit\u0103\u021bi. Materialul este stabil, dar curge u\u0219or sub presiune pentru a asigura o manipulare u\u0219oar\u0103 \u0219i o aplicare precis\u0103.<\/p>\n<p>&nbsp;<\/p>\n","protected":false},"featured_media":0,"comment_status":"open","ping_status":"closed","template":"","meta":[],"product_cat":[17],"product_tag":[],"_links":{"self":[{"href":"https:\/\/ovdental.md\/index.php\/wp-json\/wp\/v2\/product\/221"}],"collection":[{"href":"https:\/\/ovdental.md\/index.php\/wp-json\/wp\/v2\/product"}],"about":[{"href":"https:\/\/ovdental.md\/index.php\/wp-json\/wp\/v2\/types\/product"}],"replies":[{"embeddable":true,"href":"https:\/\/ovdental.md\/index.php\/wp-json\/wp\/v2\/comments?post=221"}],"wp:attachment":[{"href":"https:\/\/ovdental.md\/index.php\/wp-json\/wp\/v2\/media?parent=221"}],"wp:term":[{"taxonomy":"product_cat","embeddable":true,"href":"https:\/\/ovdental.md\/index.php\/wp-json\/wp\/v2\/product_cat?post=221"},{"taxonomy":"product_tag","embeddable":true,"href":"https:\/\/ovdental.md\/index.php\/wp-json\/wp\/v2\/product_tag?post=221"}],"curies":[{"name":"wp","href":"https:\/\/api.w.org\/{rel}","templated":true}]}}