{"id":223,"date":"2022-02-16T11:20:37","date_gmt":"2022-02-16T11:20:37","guid":{"rendered":"https:\/\/ovdental.md\/?post_type=product&#038;p=223"},"modified":"2022-02-16T11:20:38","modified_gmt":"2022-02-16T11:20:38","slug":"coltene-synergy-d6-enamel-universal-seringa-4g","status":"publish","type":"product","link":"https:\/\/ovdental.md\/index.php\/product\/coltene-synergy-d6-enamel-universal-seringa-4g\/","title":{"rendered":"COLTENE &#8212; SYNERGY D6 Enamel Universal Seringa 4g"},"content":{"rendered":"","protected":false},"excerpt":{"rendered":"<p><strong>Culori disponibile:<br \/>\n<\/strong><strong>Dentin\u0103:\u00a0 A1\/B1,\u00a0 \u00a0A2 \/B2,\u00a0 A3\/D3,\u00a0 \u00a0A3.5\/B3,<br \/>\n<\/strong><strong>Enamel: universal, WO &#8212; alb opalescent.<br \/>\n<\/strong>Seringa 4g<strong><br \/>\n<\/strong><\/p>\n<p><strong>SYNERGY D6<\/strong>\u00a0este un compozit nano-hibrid pentru stomatologia de zi cu zi. Acest compozit universal se concentreaz\u0103 complet pe simplificarea selec\u021biei nuan\u021belor f\u0103r\u0103 a neglija aspectele estetice.<\/p>\n<p>O caracteristic\u0103 special\u0103 este sistemul duo-shade care se aplic\u0103 pentru 6 dintre nuan\u021be dentine. Datorit\u0103 propriet\u0103\u021bilor optice excelente de auto-amestecare, o nuan\u021b\u0103 duo se potrive\u0219te cu 2 nuan\u021be Vita\u2122 (de exemplu, A1\/B1 sau A2\/B2). Ca rezultat, un num\u0103r mic de nuan\u021be este suficient pentru a acoperi o gam\u0103 larg\u0103 de nuan\u021be dentare. In total, sortimentul SYNERGY D6 ofera 8 nuante de dentina si 2 nuante de email.<br \/>\nSYNERGY D6 Flow este complementul perfect pentru toate celelalte produse SYNERGY D6. Formula lui Synergy D6 Flow se bazeaz\u0103 pe tehnologia SYNERGY D6. Este fluid \u0219i u\u0219or de utilizat chiar \u0219i \u00een cele mai mici cavit\u0103\u021bi. Materialul este stabil, dar curge u\u0219or sub presiune pentru a asigura o manipulare u\u0219oar\u0103 \u0219i o aplicare precis\u0103<\/p>\n","protected":false},"featured_media":0,"comment_status":"open","ping_status":"closed","template":"","meta":[],"product_cat":[17],"product_tag":[],"_links":{"self":[{"href":"https:\/\/ovdental.md\/index.php\/wp-json\/wp\/v2\/product\/223"}],"collection":[{"href":"https:\/\/ovdental.md\/index.php\/wp-json\/wp\/v2\/product"}],"about":[{"href":"https:\/\/ovdental.md\/index.php\/wp-json\/wp\/v2\/types\/product"}],"replies":[{"embeddable":true,"href":"https:\/\/ovdental.md\/index.php\/wp-json\/wp\/v2\/comments?post=223"}],"wp:attachment":[{"href":"https:\/\/ovdental.md\/index.php\/wp-json\/wp\/v2\/media?parent=223"}],"wp:term":[{"taxonomy":"product_cat","embeddable":true,"href":"https:\/\/ovdental.md\/index.php\/wp-json\/wp\/v2\/product_cat?post=223"},{"taxonomy":"product_tag","embeddable":true,"href":"https:\/\/ovdental.md\/index.php\/wp-json\/wp\/v2\/product_tag?post=223"}],"curies":[{"name":"wp","href":"https:\/\/api.w.org\/{rel}","templated":true}]}}