{"id":225,"date":"2022-02-16T11:27:42","date_gmt":"2022-02-16T11:27:42","guid":{"rendered":"https:\/\/ovdental.md\/?post_type=product&#038;p=225"},"modified":"2022-02-16T11:29:49","modified_gmt":"2022-02-16T11:29:49","slug":"coltene-synergy-d6-flow-seringa-4g","status":"publish","type":"product","link":"https:\/\/ovdental.md\/index.php\/product\/coltene-synergy-d6-flow-seringa-4g\/","title":{"rendered":"COLTENE &#8212; SYNERGY D6 FLOW Seringa 2,3g"},"content":{"rendered":"","protected":false},"excerpt":{"rendered":"<h5>SYNERGY D6 FLOW Seringa 4g<\/h5>\n<h5><strong>Culori disponibile: <\/strong><strong>A1\/B1\u00a0 \u00a0A2\/B2\u00a0 \u00a0A3\/D3\u00a0 A3,5\/B3<\/strong><\/h5>\n<p>SYNERGY D6 Flow este un compozit fluid radioopac nano-umplut bazat pe tehnologia de succes \u0219i de \u00eencredere a SYNERGY D6. SYNERGY D6 Flow ofer\u0103 o radiopacitate mai bun\u0103 \u0219i o contrac\u021bie mai mic\u0103. Materialul este compact, dar curge sub presiune, oferind o manipulare u\u0219oar\u0103 \u0219i o aplicare precis\u0103. SYNERGY D6 Flow este complementul perfect pentru SYNERGY D6 \u0219i permite o selec\u021bie ideal\u0103 a materialului.<\/p>\n","protected":false},"featured_media":0,"comment_status":"open","ping_status":"closed","template":"","meta":[],"product_cat":[17],"product_tag":[],"_links":{"self":[{"href":"https:\/\/ovdental.md\/index.php\/wp-json\/wp\/v2\/product\/225"}],"collection":[{"href":"https:\/\/ovdental.md\/index.php\/wp-json\/wp\/v2\/product"}],"about":[{"href":"https:\/\/ovdental.md\/index.php\/wp-json\/wp\/v2\/types\/product"}],"replies":[{"embeddable":true,"href":"https:\/\/ovdental.md\/index.php\/wp-json\/wp\/v2\/comments?post=225"}],"wp:attachment":[{"href":"https:\/\/ovdental.md\/index.php\/wp-json\/wp\/v2\/media?parent=225"}],"wp:term":[{"taxonomy":"product_cat","embeddable":true,"href":"https:\/\/ovdental.md\/index.php\/wp-json\/wp\/v2\/product_cat?post=225"},{"taxonomy":"product_tag","embeddable":true,"href":"https:\/\/ovdental.md\/index.php\/wp-json\/wp\/v2\/product_tag?post=225"}],"curies":[{"name":"wp","href":"https:\/\/api.w.org\/{rel}","templated":true}]}}