{"id":252,"date":"2022-02-15T13:41:57","date_gmt":"2022-02-15T13:41:57","guid":{"rendered":"https:\/\/ovdental.md\/?post_type=product&#038;p=252"},"modified":"2022-02-27T15:43:44","modified_gmt":"2022-02-27T15:43:44","slug":"omegatech-lac-o-fit-argintiu-si-auriu-auriu-25-ml","status":"publish","type":"product","link":"https:\/\/ovdental.md\/index.php\/product\/omegatech-lac-o-fit-argintiu-si-auriu-auriu-25-ml\/","title":{"rendered":"OMEGATECH &#8212; Lac O-Fit distan\u021biere Silver si Gold 25 ml"},"content":{"rendered":"","protected":false},"excerpt":{"rendered":"<p>Lacurile de distan\u021biere O-FIT ac\u021bioneaz\u0103 ca un tampon \u00eentre coroan\u0103 \u0219i ciot, compens\u00e2nd golul de ciment. De asemenea, etan\u0219eaz\u0103 porii de pe suprafa\u021ba de ipsos a matri\u021bei.<br \/>\nLac de distanta cu uscare rapida in ambalaj economic de 25 ml.<\/p>\n","protected":false},"featured_media":253,"comment_status":"open","ping_status":"closed","template":"","meta":[],"product_cat":[19],"product_tag":[],"_links":{"self":[{"href":"https:\/\/ovdental.md\/index.php\/wp-json\/wp\/v2\/product\/252"}],"collection":[{"href":"https:\/\/ovdental.md\/index.php\/wp-json\/wp\/v2\/product"}],"about":[{"href":"https:\/\/ovdental.md\/index.php\/wp-json\/wp\/v2\/types\/product"}],"replies":[{"embeddable":true,"href":"https:\/\/ovdental.md\/index.php\/wp-json\/wp\/v2\/comments?post=252"}],"wp:featuredmedia":[{"embeddable":true,"href":"https:\/\/ovdental.md\/index.php\/wp-json\/wp\/v2\/media\/253"}],"wp:attachment":[{"href":"https:\/\/ovdental.md\/index.php\/wp-json\/wp\/v2\/media?parent=252"}],"wp:term":[{"taxonomy":"product_cat","embeddable":true,"href":"https:\/\/ovdental.md\/index.php\/wp-json\/wp\/v2\/product_cat?post=252"},{"taxonomy":"product_tag","embeddable":true,"href":"https:\/\/ovdental.md\/index.php\/wp-json\/wp\/v2\/product_tag?post=252"}],"curies":[{"name":"wp","href":"https:\/\/api.w.org\/{rel}","templated":true}]}}