{"id":287,"date":"2022-04-26T09:46:44","date_gmt":"2022-04-26T09:46:44","guid":{"rendered":"https:\/\/ovdental.md\/?post_type=product&#038;p=287"},"modified":"2022-04-26T09:46:44","modified_gmt":"2022-04-26T09:46:44","slug":"coltene-brilliant-ng-enamel-bleach-4g","status":"publish","type":"product","link":"https:\/\/ovdental.md\/index.php\/product\/coltene-brilliant-ng-enamel-bleach-4g\/","title":{"rendered":"COLTENE &#8212; Brilliant NG Enamel Bleach 4g"},"content":{"rendered":"","protected":false},"excerpt":{"rendered":"<p><strong>BRILLIANT NG<\/strong> este un compozit universal care vizeaz\u0103 simplificarea tehnicii de aplicare, ob\u021bin\u00e2nd rezultate estetice excelente.<\/p>\n<p>Umplutura sa prepolimerizat\u0103 cu particule, pe l\u00e2ng\u0103 con\u021binutul ridicat de particule nanometrice, produce o consisten\u021b\u0103 optim\u0103 pentru manipulare \u0219i modelare, \u00eempreun\u0103 cu o sc\u0103dere vizibil\u0103 a contrac\u021biei \u0219i suprafe\u021be cu luciu ridicat u\u0219or de realizat. Sistemul s\u0103u Duo Shade \u00eei permite s\u0103 ob\u021bin\u0103 dou\u0103 nuan\u021be din aceea\u0219i sering\u0103, simplific\u00e2nd selec\u021bia culorii \u0219i inventarul seringilor.<\/p>\n<p><strong>Prezentare: seringa 4g <\/strong><\/p>\n","protected":false},"featured_media":0,"comment_status":"open","ping_status":"closed","template":"","meta":[],"product_cat":[17],"product_tag":[],"_links":{"self":[{"href":"https:\/\/ovdental.md\/index.php\/wp-json\/wp\/v2\/product\/287"}],"collection":[{"href":"https:\/\/ovdental.md\/index.php\/wp-json\/wp\/v2\/product"}],"about":[{"href":"https:\/\/ovdental.md\/index.php\/wp-json\/wp\/v2\/types\/product"}],"replies":[{"embeddable":true,"href":"https:\/\/ovdental.md\/index.php\/wp-json\/wp\/v2\/comments?post=287"}],"wp:attachment":[{"href":"https:\/\/ovdental.md\/index.php\/wp-json\/wp\/v2\/media?parent=287"}],"wp:term":[{"taxonomy":"product_cat","embeddable":true,"href":"https:\/\/ovdental.md\/index.php\/wp-json\/wp\/v2\/product_cat?post=287"},{"taxonomy":"product_tag","embeddable":true,"href":"https:\/\/ovdental.md\/index.php\/wp-json\/wp\/v2\/product_tag?post=287"}],"curies":[{"name":"wp","href":"https:\/\/api.w.org\/{rel}","templated":true}]}}