{"id":291,"date":"2022-04-26T10:01:52","date_gmt":"2022-04-26T10:01:52","guid":{"rendered":"https:\/\/ovdental.md\/?post_type=product&#038;p=291"},"modified":"2022-04-26T10:01:52","modified_gmt":"2022-04-26T10:01:52","slug":"coltene-adhesive-10ml","status":"publish","type":"product","link":"https:\/\/ovdental.md\/index.php\/product\/coltene-adhesive-10ml\/","title":{"rendered":"COLTENE &#8212; Adhesive 10ml"},"content":{"rendered":"","protected":false},"excerpt":{"rendered":"<p><strong>Adeziv COLTENE<\/strong> &#8212; un strat sub\u021bire de adeziv COLTENE asigur\u0103 aderen\u021ba materialului t\u0103vii pe p\u0103r\u021bile laterale ale t\u0103vii.<\/p>\n<p><strong>COLTENE Adhesive<\/strong> este un adeziv universal pentru materiale de amprentare pe baz\u0103 de silicon \u0219i serve\u0219te ca agent de lipire adeziv \u00eentre materialul de amprent\u0103 \u0219i cuva de amprent\u0103. Prin urmare, poate fi prevenit\u0103 separarea materialului de amprentare \u00een timpul extragerii din gur\u0103<\/p>\n<p><strong>Cantitatea: 10ml<\/strong><\/p>\n","protected":false},"featured_media":0,"comment_status":"open","ping_status":"closed","template":"","meta":[],"product_cat":[17],"product_tag":[],"_links":{"self":[{"href":"https:\/\/ovdental.md\/index.php\/wp-json\/wp\/v2\/product\/291"}],"collection":[{"href":"https:\/\/ovdental.md\/index.php\/wp-json\/wp\/v2\/product"}],"about":[{"href":"https:\/\/ovdental.md\/index.php\/wp-json\/wp\/v2\/types\/product"}],"replies":[{"embeddable":true,"href":"https:\/\/ovdental.md\/index.php\/wp-json\/wp\/v2\/comments?post=291"}],"wp:attachment":[{"href":"https:\/\/ovdental.md\/index.php\/wp-json\/wp\/v2\/media?parent=291"}],"wp:term":[{"taxonomy":"product_cat","embeddable":true,"href":"https:\/\/ovdental.md\/index.php\/wp-json\/wp\/v2\/product_cat?post=291"},{"taxonomy":"product_tag","embeddable":true,"href":"https:\/\/ovdental.md\/index.php\/wp-json\/wp\/v2\/product_tag?post=291"}],"curies":[{"name":"wp","href":"https:\/\/api.w.org\/{rel}","templated":true}]}}