{"id":293,"date":"2022-04-26T10:07:37","date_gmt":"2022-04-26T10:07:37","guid":{"rendered":"https:\/\/ovdental.md\/?post_type=product&#038;p=293"},"modified":"2022-04-26T10:09:43","modified_gmt":"2022-04-26T10:09:43","slug":"coltene-one-coat-7-0-activator","status":"publish","type":"product","link":"https:\/\/ovdental.md\/index.php\/product\/coltene-one-coat-7-0-activator\/","title":{"rendered":"COLTENE &#8212; One Coat 7.0 Activator"},"content":{"rendered":"","protected":false},"excerpt":{"rendered":"<p><strong>Activatorul One Coat 7.0<\/strong> este un activator pentru utilizarea materialelor cu \u00eent\u0103rire chimic\u0103 \u0219i dubl\u0103. Activatorul One Coat 7.0 este utilizat exclusiv \u00een combina\u021bie cu One Coat 7.0 sau ONE COAT 7 UNIVERSAL.<\/p>\n<p><strong>Prezentare: Etching &amp; Bonding\u00a0 3ml<\/strong><\/p>\n","protected":false},"featured_media":0,"comment_status":"open","ping_status":"closed","template":"","meta":[],"product_cat":[17],"product_tag":[],"_links":{"self":[{"href":"https:\/\/ovdental.md\/index.php\/wp-json\/wp\/v2\/product\/293"}],"collection":[{"href":"https:\/\/ovdental.md\/index.php\/wp-json\/wp\/v2\/product"}],"about":[{"href":"https:\/\/ovdental.md\/index.php\/wp-json\/wp\/v2\/types\/product"}],"replies":[{"embeddable":true,"href":"https:\/\/ovdental.md\/index.php\/wp-json\/wp\/v2\/comments?post=293"}],"wp:attachment":[{"href":"https:\/\/ovdental.md\/index.php\/wp-json\/wp\/v2\/media?parent=293"}],"wp:term":[{"taxonomy":"product_cat","embeddable":true,"href":"https:\/\/ovdental.md\/index.php\/wp-json\/wp\/v2\/product_cat?post=293"},{"taxonomy":"product_tag","embeddable":true,"href":"https:\/\/ovdental.md\/index.php\/wp-json\/wp\/v2\/product_tag?post=293"}],"curies":[{"name":"wp","href":"https:\/\/api.w.org\/{rel}","templated":true}]}}