{"id":295,"date":"2022-04-26T10:21:49","date_gmt":"2022-04-26T10:21:49","guid":{"rendered":"https:\/\/ovdental.md\/?post_type=product&#038;p=295"},"modified":"2022-04-26T10:43:27","modified_gmt":"2022-04-26T10:43:27","slug":"coltene-hanel-articulating-paper-40","status":"publish","type":"product","link":"https:\/\/ovdental.md\/index.php\/product\/coltene-hanel-articulating-paper-40\/","title":{"rendered":"COLTENE &#8212; HANEL Articulating Paper 40\u03bc"},"content":{"rendered":"","protected":false},"excerpt":{"rendered":"<p><strong>COLTENE &#8212; HANEL Articulating Paper 40\u03bc<\/strong><\/p>\n<p>Disponibil pe role, sub form\u0103 de benzi \u0219i foi \u00een form\u0103 de U pentru marcare u\u0219oar\u0103, rapid\u0103 \u0219i precis\u0103. Nu este necesar\u0103 utilizarea pensetei.<\/p>\n<p>Cu dou\u0103 fe\u021be ,h\u00e2rtiile sunt disponibile \u00een una sau dou\u0103 culori<br \/>\nculori profunde pentru o marcare bun\u0103<\/p>\n","protected":false},"featured_media":0,"comment_status":"open","ping_status":"closed","template":"","meta":[],"product_cat":[17],"product_tag":[],"_links":{"self":[{"href":"https:\/\/ovdental.md\/index.php\/wp-json\/wp\/v2\/product\/295"}],"collection":[{"href":"https:\/\/ovdental.md\/index.php\/wp-json\/wp\/v2\/product"}],"about":[{"href":"https:\/\/ovdental.md\/index.php\/wp-json\/wp\/v2\/types\/product"}],"replies":[{"embeddable":true,"href":"https:\/\/ovdental.md\/index.php\/wp-json\/wp\/v2\/comments?post=295"}],"wp:attachment":[{"href":"https:\/\/ovdental.md\/index.php\/wp-json\/wp\/v2\/media?parent=295"}],"wp:term":[{"taxonomy":"product_cat","embeddable":true,"href":"https:\/\/ovdental.md\/index.php\/wp-json\/wp\/v2\/product_cat?post=295"},{"taxonomy":"product_tag","embeddable":true,"href":"https:\/\/ovdental.md\/index.php\/wp-json\/wp\/v2\/product_tag?post=295"}],"curies":[{"name":"wp","href":"https:\/\/api.w.org\/{rel}","templated":true}]}}