{"id":303,"date":"2022-04-25T11:30:24","date_gmt":"2022-04-25T11:30:24","guid":{"rendered":"https:\/\/ovdental.md\/?post_type=product&#038;p=303"},"modified":"2022-04-26T13:44:08","modified_gmt":"2022-04-26T13:44:08","slug":"master-ace-dentare-100buc","status":"publish","type":"product","link":"https:\/\/ovdental.md\/index.php\/product\/master-ace-dentare-100buc\/","title":{"rendered":"MASTER &#8212; Ace dentare 100buc"},"content":{"rendered":"","protected":false},"excerpt":{"rendered":"<p><strong>Dimensiuni: 0,3&#215;12; 0,3&#215;16; 0,3&#215;21; 0,3&#215;25; 0,4&#215;36 mm. Produs: 100 buc. (capsule) \u00eentr-o cutie de carton.<\/strong><\/p>\n<p>Standard european. Produs folosind cele mai noi tehnologii. Sunt testate pentru controlul calit\u0103\u021bii \u00een fiecare etap\u0103 a produc\u021biei. Canul\u0103 din o\u021bel impecabil, cu pere\u021bi super-sub\u021biri, din silicon, cu o lancet\u0103 ascu\u021bit\u0103. Buc\u0219\u0103 din polipropilen\u0103. Sterilizat cu raze gamma. Lotul de produc\u021bie, data de \u00eencheiere, m\u0103rimea sunt indicate pe ac pentru o identificare rapid\u0103. Indicatorul permite medicului s\u0103 \u0219tie exact \u00een ce direc\u021bie merge anestezicul.<\/p>\n","protected":false},"featured_media":0,"comment_status":"open","ping_status":"closed","template":"","meta":[],"product_cat":[24],"product_tag":[],"_links":{"self":[{"href":"https:\/\/ovdental.md\/index.php\/wp-json\/wp\/v2\/product\/303"}],"collection":[{"href":"https:\/\/ovdental.md\/index.php\/wp-json\/wp\/v2\/product"}],"about":[{"href":"https:\/\/ovdental.md\/index.php\/wp-json\/wp\/v2\/types\/product"}],"replies":[{"embeddable":true,"href":"https:\/\/ovdental.md\/index.php\/wp-json\/wp\/v2\/comments?post=303"}],"wp:attachment":[{"href":"https:\/\/ovdental.md\/index.php\/wp-json\/wp\/v2\/media?parent=303"}],"wp:term":[{"taxonomy":"product_cat","embeddable":true,"href":"https:\/\/ovdental.md\/index.php\/wp-json\/wp\/v2\/product_cat?post=303"},{"taxonomy":"product_tag","embeddable":true,"href":"https:\/\/ovdental.md\/index.php\/wp-json\/wp\/v2\/product_tag?post=303"}],"curies":[{"name":"wp","href":"https:\/\/api.w.org\/{rel}","templated":true}]}}