{"id":330,"date":"2022-05-06T13:45:05","date_gmt":"2022-05-06T13:45:05","guid":{"rendered":"https:\/\/ovdental.md\/?post_type=product&#038;p=330"},"modified":"2024-04-05T02:01:55","modified_gmt":"2024-04-05T02:01:55","slug":"mutsumi-gips-edo-premium-stone-vanilla-yellow-5kg","status":"publish","type":"product","link":"https:\/\/ovdental.md\/index.php\/product\/mutsumi-gips-edo-premium-stone-vanilla-yellow-5kg\/","title":{"rendered":"MUTSUMI &#8212; Gips Edo Premium Stone Vanilla Yellow 5kg"},"content":{"rendered":"","protected":false},"excerpt":{"rendered":"<p><strong>MUTSUMI \u2014 Gips Edo Premium Stone Vanilla Yellow 5kg<\/strong><\/p>\n<p>Piatra dentara tare modificata sintetica de tip 5, cu expansiune mare pentru a compensa<br \/>\ncontractia mare a unor materiale de amprentare, ideala pentru toate modelele de lucru, master<br \/>\n\u0219i modele sec\u021bionate, pentru dispozitive ortodontice, proteze totale\/par\u021biale, inlay-uri, onlay-uri, coroane,<br \/>\npun\u021bi pe implanturi, inclusiv modele pentru CAD\/CAM.<br \/>\n\u2022 Tixotropie ridicat\u0103;<br \/>\n\u2022 Rezisten\u021b\u0103 ini\u021bial\u0103 mare;<br \/>\n\u2022 Stabilitate dimensional\u0103 ridicat\u0103<br \/>\n\u2022 Amestecare scurt\u0103, timp scurt de priz\u0103;<br \/>\n\u2022 Precizie remarcabil\u0103, suprafe\u021be netede;<br \/>\n\u2022 Expansiune uniform\u0103 \u0219i constant\u0103;<br \/>\n\u2022 Potrivit pentru depozitare pe termen lung;<br \/>\n\u2022 Fluiditatea adecvat\u0103 ofer\u0103 o lucrabilitate excelent\u0103.<\/p>\n<p>Rezisten\u021ba la compresiune dup\u0103 1 or\u0103:<br \/>\n\u2022 Rezisten\u021ba la compresiune [MPa; N\/mm2] \u2014 54MPa (=7832psi)<br \/>\nRezisten\u021ba la compresiune dup\u0103 24 de ore:<br \/>\n\u2022 Rezisten\u021ba la compresiune [MPa; N\/mm2] \u2014 93MPa (=13488psi)<br \/>\n\u2022 ISO 6873, Date referitoare la 24ml\/100g<br \/>\n\u2022 Raport ap\u0103\/pulbere: 24ml\/100g<br \/>\n\u2022 Timp de setare: 10 min.<br \/>\n\u2022 Setarea extinderii dup\u0103 2 ore: 0,22%<\/p>\n","protected":false},"featured_media":0,"comment_status":"open","ping_status":"closed","template":"","meta":[],"product_cat":[25],"product_tag":[],"_links":{"self":[{"href":"https:\/\/ovdental.md\/index.php\/wp-json\/wp\/v2\/product\/330"}],"collection":[{"href":"https:\/\/ovdental.md\/index.php\/wp-json\/wp\/v2\/product"}],"about":[{"href":"https:\/\/ovdental.md\/index.php\/wp-json\/wp\/v2\/types\/product"}],"replies":[{"embeddable":true,"href":"https:\/\/ovdental.md\/index.php\/wp-json\/wp\/v2\/comments?post=330"}],"wp:attachment":[{"href":"https:\/\/ovdental.md\/index.php\/wp-json\/wp\/v2\/media?parent=330"}],"wp:term":[{"taxonomy":"product_cat","embeddable":true,"href":"https:\/\/ovdental.md\/index.php\/wp-json\/wp\/v2\/product_cat?post=330"},{"taxonomy":"product_tag","embeddable":true,"href":"https:\/\/ovdental.md\/index.php\/wp-json\/wp\/v2\/product_tag?post=330"}],"curies":[{"name":"wp","href":"https:\/\/api.w.org\/{rel}","templated":true}]}}