{"id":332,"date":"2022-04-26T16:05:00","date_gmt":"2022-04-26T16:05:00","guid":{"rendered":"https:\/\/ovdental.md\/?post_type=product&#038;p=332"},"modified":"2022-04-26T16:05:00","modified_gmt":"2022-04-26T16:05:00","slug":"coltene-hyflex-edm-niti-4-seturi","status":"publish","type":"product","link":"https:\/\/ovdental.md\/index.php\/product\/coltene-hyflex-edm-niti-4-seturi\/","title":{"rendered":"COLTENE &#8212; HyFlex EDM NiTi 4 Seturi"},"content":{"rendered":"","protected":false},"excerpt":{"rendered":"<p><strong>COLTENE &#8212; HyFlex EDM NiTi 4 Seturi<\/strong><\/p>\n<p><strong>Seturi disponible:<br \/>\n<\/strong>HyFlex EDM Shaping Set MAX CURVE 25 mm<br \/>\nHyFlex EDM Shaping Set Simple 25 mm<br \/>\nHyFlex EDM Finishing Set 40\/.04; 50\/.03; 60\/.02 25 mm<br \/>\nHyFlex EDM Shaping Set Medium 25 mm<\/p>\n<p><strong>Memorie controlat\u0103<br \/>\n<\/strong>Acele <strong>HyFlex EDM NiTi <\/strong>au integrat\u0103 o memorie a formei.<br \/>\nEle previn stresul din timpul prepar\u0103rii, rec\u0103p\u0103t\u00e2ndu\u0219i forma spiralei dup\u0103 tratamentul termic. Un proces<br \/>\nnormal de autoclavizare este suficient pentru a readuce<br \/>\nacele la forma lor original\u0103 \u0219i a regenera structurile<br \/>\ncristalelor \u0219i rezisten\u021ba la solicitare. Dac\u0103 acul nu reu\u0219e\u0219te s\u0103-\u0219i recapete forma dup\u0103<br \/>\ntratamentul termic, el este deformat plastic \u0219i astfel<br \/>\nspore\u0219te riscul de rupere. Dup\u0103 inspec\u021bia vizual\u0103, aceste<br \/>\nace nu se utilizeaz\u0103. Num\u0103rul de refolosiri este mai mare<br \/>\ndec\u00e2t \u00een cazul acelor NiTi conven\u021bionale.<\/p>\n<p><strong>Studiile au ar\u0103tat c\u0103 acele HyFlex EDM sunt cu peste<\/strong><br \/>\n<strong>1200% mai rezistente la uzur\u0103 dec\u00e2t produsele<\/strong><br \/>\n<strong>concuren\u021bei.<br \/>\n<\/strong><br \/>\n\u00cen cadrul studiilor, <strong>HyFlex EDM OneFile<\/strong> a<br \/>\ndemonstrat o rezisten\u021b\u0103 la solicitare semnificativ<br \/>\nmai mare dec\u00e2t alte ace rotative din nichel-titan cu<br \/>\npropriet\u0103\u021bi diverse ale aliajului.<strong><br \/>\n<\/strong><\/p>\n<p>&nbsp;<\/p>\n","protected":false},"featured_media":0,"comment_status":"open","ping_status":"closed","template":"","meta":[],"product_cat":[17],"product_tag":[],"_links":{"self":[{"href":"https:\/\/ovdental.md\/index.php\/wp-json\/wp\/v2\/product\/332"}],"collection":[{"href":"https:\/\/ovdental.md\/index.php\/wp-json\/wp\/v2\/product"}],"about":[{"href":"https:\/\/ovdental.md\/index.php\/wp-json\/wp\/v2\/types\/product"}],"replies":[{"embeddable":true,"href":"https:\/\/ovdental.md\/index.php\/wp-json\/wp\/v2\/comments?post=332"}],"wp:attachment":[{"href":"https:\/\/ovdental.md\/index.php\/wp-json\/wp\/v2\/media?parent=332"}],"wp:term":[{"taxonomy":"product_cat","embeddable":true,"href":"https:\/\/ovdental.md\/index.php\/wp-json\/wp\/v2\/product_cat?post=332"},{"taxonomy":"product_tag","embeddable":true,"href":"https:\/\/ovdental.md\/index.php\/wp-json\/wp\/v2\/product_tag?post=332"}],"curies":[{"name":"wp","href":"https:\/\/api.w.org\/{rel}","templated":true}]}}