{"id":347,"date":"2022-04-27T07:55:58","date_gmt":"2022-04-27T07:55:58","guid":{"rendered":"https:\/\/ovdental.md\/?post_type=product&#038;p=347"},"modified":"2022-05-04T08:23:02","modified_gmt":"2022-05-04T08:23:02","slug":"stomadent-unit-dental-impuls-a","status":"publish","type":"product","link":"https:\/\/ovdental.md\/index.php\/product\/stomadent-unit-dental-impuls-a\/","title":{"rendered":"STOMADENT &#8212; Unit Dentar Impuls-A"},"content":{"rendered":"","protected":false},"excerpt":{"rendered":"<p><strong>STOMADENT &#8212; Unit Dental Impuls-A<br \/>\n<\/strong><br \/>\n<strong>Stomadent SK s.r.o.<\/strong> furnizeaz\u0103 o gam\u0103 larg\u0103 de echipamente pentru chirurgia dentar\u0103. Suntem reprezentanti exclusivi ai unitatilor dentare, scaunelor si separatoarelor de amalgam. Compania noastra furnizeaza scaune dentare si taburete. Suntem furnizori autorizati de compresoare dentare, aspiratoare si uscatoare de aer EKOM.<strong><br \/>\n<\/strong><br \/>\n<strong>Bloc pentru munca unui medic:<\/strong><br \/>\nCu alimentare superioar\u0103 \u0219i negatoscop LED:<br \/>\nTemporizator de cl\u0103tire a scuipatorului<br \/>\nOprind negatoscopul \u0219i toate instrumentele<br \/>\nPreg\u0103tire pentru conectarea a 5 instrumente<br \/>\nPistol ap\u0103\/aer\/spray<br \/>\nFurtun turbin\u0103 cu iluminare MIDWEST6<br \/>\nFurtun micromotor electric fara iluminare P2ED460<\/p>\n<p><strong>Panoul asistent:<\/strong><br \/>\nEjector de ap\u0103 sau de aer pomp\u0103 saliv\u0103<br \/>\nHidrobloc articulat<br \/>\nScuipator fix ceramic<br \/>\nLumin\u0103 LED Stomadent<br \/>\nSurs\u0103 autonom\u0103 de ap\u0103<br \/>\nScaun DC70E (control scaun din spate, pedal\u0103 de control neregulat\u0103)<\/p>\n","protected":false},"featured_media":0,"comment_status":"open","ping_status":"closed","template":"","meta":[],"product_cat":[26],"product_tag":[],"_links":{"self":[{"href":"https:\/\/ovdental.md\/index.php\/wp-json\/wp\/v2\/product\/347"}],"collection":[{"href":"https:\/\/ovdental.md\/index.php\/wp-json\/wp\/v2\/product"}],"about":[{"href":"https:\/\/ovdental.md\/index.php\/wp-json\/wp\/v2\/types\/product"}],"replies":[{"embeddable":true,"href":"https:\/\/ovdental.md\/index.php\/wp-json\/wp\/v2\/comments?post=347"}],"wp:attachment":[{"href":"https:\/\/ovdental.md\/index.php\/wp-json\/wp\/v2\/media?parent=347"}],"wp:term":[{"taxonomy":"product_cat","embeddable":true,"href":"https:\/\/ovdental.md\/index.php\/wp-json\/wp\/v2\/product_cat?post=347"},{"taxonomy":"product_tag","embeddable":true,"href":"https:\/\/ovdental.md\/index.php\/wp-json\/wp\/v2\/product_tag?post=347"}],"curies":[{"name":"wp","href":"https:\/\/api.w.org\/{rel}","templated":true}]}}