{"id":350,"date":"2022-04-27T08:25:58","date_gmt":"2022-04-27T08:25:58","guid":{"rendered":"https:\/\/ovdental.md\/?post_type=product&#038;p=350"},"modified":"2022-05-04T08:21:32","modified_gmt":"2022-05-04T08:21:32","slug":"stomadent-unit-dental-impuls-neo2","status":"publish","type":"product","link":"https:\/\/ovdental.md\/index.php\/product\/stomadent-unit-dental-impuls-neo2\/","title":{"rendered":"STOMADENT \u2014 Unit Dentar Impuls Neo2"},"content":{"rendered":"","protected":false},"excerpt":{"rendered":"<p><strong>STOMADENT \u2014 Unit Dental Impuls Neo2<\/strong><\/p>\n<p>Noul model &#8212; <strong>Stomadent Impuls NEO2<\/strong> &#8212; aduce at\u00e2t un nou design, c\u00e2t \u0219i caracteristici de utilitate \u00eembun\u0103t\u0103\u021bite.<br \/>\nPrincipalele inova\u021bii includ un nou aspect pentru masa medicului, modulul asistentului \u0219i bra\u021bele pantografice. Masa medicului este controlat\u0103 de un nou panou de control reglabil. Setul este completat de un fotoliu matlasat de lux Stomadent DC-70 NEO Soft si o lampa LED MAIA de la firma FARO.<\/p>\n<p><strong>Propriet\u0103\u021bi de baz\u0103:<\/strong><br \/>\nToate versiunile sunt posibile cu linii de furtun superioare sau inferioare.<br \/>\nIn plus, se poate alege o masa de medic cu 5 sau NOU cu 6 pozitii pentru instrumentar.<\/p>\n<p>Masa doctorului cu trei instrumente (seringa cu trei functii, furtun MIDWEST pentru turbina usoara, furtun pentru micromotor electronic usor)<br \/>\nNOU! panoul de control al biroului medicului<br \/>\nNegatoscop pe biroul unui medic<br \/>\nNOU! bra\u021be \u0219i lumini de mas\u0103 medicului pantografic<br \/>\nLampa LED MAIA (Faro)<br \/>\n\u00cenc\u0103lzitor de ap\u0103<br \/>\nScuipator rotativ NEO<br \/>\nTemporizator de cl\u0103tire a bolului<br \/>\nTemporizator de umplere a sticlei<br \/>\nDesalinizator<br \/>\nSurs\u0103 \u00eencorporat\u0103 de ap\u0103 sub presiune pentru r\u0103cirea uneltelor<br \/>\nComand\u0103 cu picior multifunc\u021bional cu func\u021bie de suflare Chip-Blow (pentru modelul 300\/350)<br \/>\nScaun programabil Stomadent DC-70 NEO Soft \/ Tecnodent ECO 19<\/p>\n<p><strong>Posibila extindere a unitatii dentare la comanda:<\/strong><br \/>\nA treia unealt\u0103 (ne) u\u0219oar\u0103 &#8212; turbin\u0103 \/ micromotor (inclusiv f\u0103r\u0103 carbon)<br \/>\nA patra unealt\u0103 (ne) u\u0219oar\u0103 &#8212; turbin\u0103 \/ micromotor (inclusiv f\u0103r\u0103 carbon)<br \/>\nUltrasunete (ne)luminoase OZK &#8212; NSK \/ LM (Amdent) \/ STOMADENT LED<br \/>\nLamp\u0103 de \u00eent\u0103rire<br \/>\nCamer\u0103 intraoal\u0103 (cu fir sau f\u0103r\u0103 fir) + monitor LCD incl. suport de bra\u021b u\u0219or<br \/>\nModul asistent cu 4 pozi\u021bii &#8212; aspirator chirurgical \u0219i mic (op\u021bional: sering\u0103, lamp\u0103 de polimerizare sau camer\u0103 intraoal\u0103)<\/p>\n<p>La comanda, este posibil s\u0103 specifica\u021bi orice ordine de scule.<br \/>\nMajoritatea separatoarelor de amalgam pe care le folosi\u021bi pot fi folosite \u00eempreun\u0103 cu unitatea dentar\u0103. (Skantech, Metasys etc.)<\/p>\n","protected":false},"featured_media":0,"comment_status":"open","ping_status":"closed","template":"","meta":[],"product_cat":[26],"product_tag":[],"_links":{"self":[{"href":"https:\/\/ovdental.md\/index.php\/wp-json\/wp\/v2\/product\/350"}],"collection":[{"href":"https:\/\/ovdental.md\/index.php\/wp-json\/wp\/v2\/product"}],"about":[{"href":"https:\/\/ovdental.md\/index.php\/wp-json\/wp\/v2\/types\/product"}],"replies":[{"embeddable":true,"href":"https:\/\/ovdental.md\/index.php\/wp-json\/wp\/v2\/comments?post=350"}],"wp:attachment":[{"href":"https:\/\/ovdental.md\/index.php\/wp-json\/wp\/v2\/media?parent=350"}],"wp:term":[{"taxonomy":"product_cat","embeddable":true,"href":"https:\/\/ovdental.md\/index.php\/wp-json\/wp\/v2\/product_cat?post=350"},{"taxonomy":"product_tag","embeddable":true,"href":"https:\/\/ovdental.md\/index.php\/wp-json\/wp\/v2\/product_tag?post=350"}],"curies":[{"name":"wp","href":"https:\/\/api.w.org\/{rel}","templated":true}]}}