{"id":354,"date":"2022-04-27T08:55:30","date_gmt":"2022-04-27T08:55:30","guid":{"rendered":"https:\/\/ovdental.md\/?post_type=product&#038;p=354"},"modified":"2022-11-24T06:22:12","modified_gmt":"2022-11-24T06:22:12","slug":"ritter-leadex-70-radiologie-dentara","status":"publish","type":"product","link":"https:\/\/ovdental.md\/index.php\/product\/ritter-leadex-70-radiologie-dentara\/","title":{"rendered":"Ritter &#8212; Leadex 70 Radiologie dentara"},"content":{"rendered":"","protected":false},"excerpt":{"rendered":"<p><strong>Ritter &#8212; Leadex 70 Radiologie dentara <\/strong><\/p>\n<p><strong>Leadex 70<\/strong> este conceput pentru toate nevoile de intraoral<br \/>\nradiologia dentara in cabinetul stomatologic modern.<br \/>\nIntegrat direct la unitatea dumneavoastr\u0103 dentar\u0103 <strong>Ritter, Leadex<\/strong><br \/>\n<strong>70<\/strong> este o solu\u021bie flexibil\u0103, rapid\u0103 \u0219i sigur\u0103 pentru a produce un<br \/>\nexcelent\u0103 imagine mic\u0103 cu raze X l\u00e2ng\u0103 scaun. Compatibil cu<br \/>\nfilme standard \u0219i senzori digitali cu raze X, garanteaz\u0103<br \/>\nimagini clare \u0219i cu contrast ridicat la un pre\u021b atractiv.<br \/>\nUnitatea de control este u\u0219or \u0219i intuitiv de utilizat. Poate fi<br \/>\nmontat direct pe perete \u00een camera de tratament sau<br \/>\n\u00eentr-o \u00eenc\u0103pere lateral\u0103 (cabluri de la unitate \u00een p\u0103m\u00e2nt).<br \/>\nProcedura cu raze X se efectueaz\u0103 prin intermediul panoului de control sau<br \/>\nprin telecomand\u0103 inclus\u0103.<br \/>\nDisponibil ca versiune AC\/DC.<\/p>\n<p><strong>Specificatii tehnice<\/strong><br \/>\n&#8212; Raze X intraorale pentru radiografie analogic\u0103 \u0219i digital\u0103<br \/>\nTensiune: 220; 230 VAC +10% -5%<br \/>\nFrecventa: 50\/60 Hz<br \/>\nRezisten\u021ba re\u021belei: 0,5 Ohm<br \/>\nCurent: 3,5A; 3,2A<br \/>\nSiguran\u021b\u0103: 6,3AF<br \/>\nPunct focal: 0,7<br \/>\nConexiune: muf\u0103 coaxial\u0103, rota\u021bie liber\u0103 \u00een\u0103untru plan orizontal<br \/>\nPot. de \u00eenalt\u0103 tensiune: 70 kVp \u00b1 10% @ re\u021bea nominal\u0103 Voltaj<br \/>\nCurent anodic: 8 mA \u00b1 10% la tensiunea nominal\u0103 de re\u021bea<br \/>\nCiclu de func\u021bionare: 1:32<br \/>\nFiltrare inerent\u0103: 2,0 mm Al<br \/>\nValoarea semistratului: Aproximativ 2,0 mm Al @ 70 kVp<br \/>\nScurgere de radia\u021bii: &lt; 0,25\u00b5Gr @ 1 m<br \/>\nTimp de expunere: 0,08s-3,2s<br \/>\nDispozitiv de limitare a fasciculului<br \/>\nSectiune de iesire: rotunda; dreptunghiular<br \/>\nFocus Skin Dist,: 20cm; 30 cm<br \/>\nSistem: Montat pe perete\/Mobil<br \/>\nBra\u021be de extensie: 41, 82 \u0219i 110 cm<br \/>\nAtingerea util\u0103: 143 cm cu 41 cm ext. bra\u0163<br \/>\n184 cm cu 82 cm ext. bra\u0163<br \/>\n212 cm cu 110 cm ext. bra\u0163<br \/>\nDate de mediu<br \/>\nTemperatura: de la 5\u00b0 la 40\u00b0C<br \/>\nTemperatura: de la -15\u00b0 la +50\u00b0C<br \/>\nUmiditate relativa de la 25% la 75%<\/p>\n","protected":false},"featured_media":425,"comment_status":"open","ping_status":"closed","template":"","meta":[],"product_cat":[15],"product_tag":[],"_links":{"self":[{"href":"https:\/\/ovdental.md\/index.php\/wp-json\/wp\/v2\/product\/354"}],"collection":[{"href":"https:\/\/ovdental.md\/index.php\/wp-json\/wp\/v2\/product"}],"about":[{"href":"https:\/\/ovdental.md\/index.php\/wp-json\/wp\/v2\/types\/product"}],"replies":[{"embeddable":true,"href":"https:\/\/ovdental.md\/index.php\/wp-json\/wp\/v2\/comments?post=354"}],"wp:featuredmedia":[{"embeddable":true,"href":"https:\/\/ovdental.md\/index.php\/wp-json\/wp\/v2\/media\/425"}],"wp:attachment":[{"href":"https:\/\/ovdental.md\/index.php\/wp-json\/wp\/v2\/media?parent=354"}],"wp:term":[{"taxonomy":"product_cat","embeddable":true,"href":"https:\/\/ovdental.md\/index.php\/wp-json\/wp\/v2\/product_cat?post=354"},{"taxonomy":"product_tag","embeddable":true,"href":"https:\/\/ovdental.md\/index.php\/wp-json\/wp\/v2\/product_tag?post=354"}],"curies":[{"name":"wp","href":"https:\/\/api.w.org\/{rel}","templated":true}]}}