{"id":358,"date":"2022-04-27T09:57:11","date_gmt":"2022-04-27T09:57:11","guid":{"rendered":"https:\/\/ovdental.md\/?post_type=product&#038;p=358"},"modified":"2022-11-24T06:13:47","modified_gmt":"2022-11-24T06:13:47","slug":"ritter-autoclava-cleantec-ab80","status":"publish","type":"product","link":"https:\/\/ovdental.md\/index.php\/product\/ritter-autoclava-cleantec-ab80\/","title":{"rendered":"Ritter &#8212; Autoclav\u0103 CleanTec AB80"},"content":{"rendered":"","protected":false},"excerpt":{"rendered":"<p><strong>Ritter &#8212; Autoclav\u0103 CleanTec AB80<\/strong><\/p>\n<p>Dispozitivul unic de mas\u0103 cu \u00eenc\u0103rcare frontal\u0103, cu o capacitate de 80 de litri, clasa B<br \/>\nTimpii de operare rapizi, o capacitate mare de \u00eenc\u0103rcare \u0219i procesele de sterilizare fiabile sunt cele mai importante cerin\u021be \u00een cabinetele \u0219i clinicile stomatologice. Capacitate mare de \u00eenc\u0103rcare \u0219i sterilizare fiabil\u0103 CleanTec AB80 de dimensiuni mari, cu o capacitate de \u00eenc\u0103rcare de 80 de litri, corespunde pe deplin cerin\u021belor autoclavelor din clasa B \u0219i este proiectat pentru a satisface cele mai \u00eenalte cerin\u021be.<br \/>\nProcese rapide de sterilizare, timpii rapidi de operare nu reduc doar consumul de energie \u0219i ap\u0103 \u0219i, \u00een consecin\u021b\u0103, costurile pe ciclu de sterilizare. De asemenea, faciliteaz\u0103 disponibilitatea rapid\u0103 a instrumentelor \u0219i textilelor dup\u0103 55 de minute (ciclu ne\u00eempachetat) \u0219i doar 20-30 de minute (cicluri rapide).<\/p>\n<p><strong>Caracteristicile<\/strong><br \/>\nControl micro-computer, tast\u0103 tactil\u0103<br \/>\nControl automat al procesului \u00een ceea ce prive\u0219te umplerea cu ap\u0103, vid puls, \u00eenc\u0103lzire, sterilizare, evacuare a aburului \u0219i uscare \u00een vid. Sistemul de uscare cu vid final Pulsant asigur\u0103 cele mai bune efecte de uscare. Generator de abur \u0219i separator de abur \u00eencorporat, pentru a asigura calitatea aburului. Echipat pentru instrumente, saci pentru instrumente, pansamente, articole din cauciuc. Programe de sterilizare definite de utilizator \u00een func\u021bie de nevoile clientului. Program lichid disponibil op\u021bional, programe de testare Bowie-Dick \u0219i de testare a vidului. Filtrul de 0,22 \u03bcm garanteaz\u0103 aer steril \u00een camer\u0103 prevenind recontaminarea. Afi\u0219ajul LCD indic\u0103 temperatura, timpul, presiunea \u0219i procesul ciclului. Control automat al alarmei \u00een caz de erori \u0219i finalizarea ciclului. (Imprimant\u0103 intern\u0103)<\/p>\n","protected":false},"featured_media":421,"comment_status":"open","ping_status":"closed","template":"","meta":[],"product_cat":[15],"product_tag":[],"_links":{"self":[{"href":"https:\/\/ovdental.md\/index.php\/wp-json\/wp\/v2\/product\/358"}],"collection":[{"href":"https:\/\/ovdental.md\/index.php\/wp-json\/wp\/v2\/product"}],"about":[{"href":"https:\/\/ovdental.md\/index.php\/wp-json\/wp\/v2\/types\/product"}],"replies":[{"embeddable":true,"href":"https:\/\/ovdental.md\/index.php\/wp-json\/wp\/v2\/comments?post=358"}],"wp:featuredmedia":[{"embeddable":true,"href":"https:\/\/ovdental.md\/index.php\/wp-json\/wp\/v2\/media\/421"}],"wp:attachment":[{"href":"https:\/\/ovdental.md\/index.php\/wp-json\/wp\/v2\/media?parent=358"}],"wp:term":[{"taxonomy":"product_cat","embeddable":true,"href":"https:\/\/ovdental.md\/index.php\/wp-json\/wp\/v2\/product_cat?post=358"},{"taxonomy":"product_tag","embeddable":true,"href":"https:\/\/ovdental.md\/index.php\/wp-json\/wp\/v2\/product_tag?post=358"}],"curies":[{"name":"wp","href":"https:\/\/api.w.org\/{rel}","templated":true}]}}