{"id":371,"date":"2022-04-15T05:45:24","date_gmt":"2022-04-15T05:45:24","guid":{"rendered":"https:\/\/ovdental.md\/?post_type=product&#038;p=371"},"modified":"2022-05-05T18:20:57","modified_gmt":"2022-05-05T18:20:57","slug":"alan-cordon-de-retractie","status":"publish","type":"product","link":"https:\/\/ovdental.md\/index.php\/product\/alan-cordon-de-retractie\/","title":{"rendered":"ALAN &#8212;  A\u021b\u0103 de retrac\u021bie"},"content":{"rendered":"","protected":false},"excerpt":{"rendered":"<p><strong>ALAN &#8212; A\u021b\u0103 de retrac\u021bie<\/strong><\/p>\n<p><strong>Marimile disponibile:<\/strong><br \/>\nAlan Retraction Cord \u2013 N. 00<br \/>\nAlan Retraction Cord \u2013 N. 0<br \/>\nAlan Retraction Cord \u2013 N. 1<br \/>\nAlan Retraction Cord \u2013 N. 2<\/p>\n<p>Fire retractabile \u021besute din bumbac pur, f\u0103r\u0103 clor.<br \/>\nAre o rezisten\u021b\u0103 puternic\u0103 la trac\u021biune combinat\u0103 cu o absorb\u021bie ridicat\u0103.<br \/>\nAmbalat \u00eentr-o sticl\u0103 mic\u0103 de sticl\u0103 care previne exudarea, tipic\u0103 recipientelor din plastic.<\/p>\n","protected":false},"featured_media":0,"comment_status":"open","ping_status":"closed","template":"","meta":[],"product_cat":[27],"product_tag":[],"_links":{"self":[{"href":"https:\/\/ovdental.md\/index.php\/wp-json\/wp\/v2\/product\/371"}],"collection":[{"href":"https:\/\/ovdental.md\/index.php\/wp-json\/wp\/v2\/product"}],"about":[{"href":"https:\/\/ovdental.md\/index.php\/wp-json\/wp\/v2\/types\/product"}],"replies":[{"embeddable":true,"href":"https:\/\/ovdental.md\/index.php\/wp-json\/wp\/v2\/comments?post=371"}],"wp:attachment":[{"href":"https:\/\/ovdental.md\/index.php\/wp-json\/wp\/v2\/media?parent=371"}],"wp:term":[{"taxonomy":"product_cat","embeddable":true,"href":"https:\/\/ovdental.md\/index.php\/wp-json\/wp\/v2\/product_cat?post=371"},{"taxonomy":"product_tag","embeddable":true,"href":"https:\/\/ovdental.md\/index.php\/wp-json\/wp\/v2\/product_tag?post=371"}],"curies":[{"name":"wp","href":"https:\/\/api.w.org\/{rel}","templated":true}]}}