{"id":373,"date":"2022-04-15T05:50:42","date_gmt":"2022-04-15T05:50:42","guid":{"rendered":"https:\/\/ovdental.md\/?post_type=product&#038;p=373"},"modified":"2022-05-05T18:24:32","modified_gmt":"2022-05-05T18:24:32","slug":"alan-solutie-pentru-cordon-de-retractare-astringent-20-ml","status":"publish","type":"product","link":"https:\/\/ovdental.md\/index.php\/product\/alan-solutie-pentru-cordon-de-retractare-astringent-20-ml\/","title":{"rendered":"ALAN &#8212; Lichid de retrac\u021bie, Astringent 20 ml"},"content":{"rendered":"","protected":false},"excerpt":{"rendered":"<p><strong>ALAN &#8212; Lichid de retrac\u021bie, Astringent 20 ml<\/strong><\/p>\n<p>Compozitie: 25% sulfat de aluminiu octadecahidratat, PH.Eur, 75% apa distilata. F\u0103r\u0103 epinefrin\u0103: f\u0103r\u0103 risc de tulbur\u0103ri circulatorii.<br \/>\nSolu\u021bie astringent\u0103 \u0219i hemostatic\u0103 utilizat\u0103 pentru tratamentul retractiei gingivale \u00eempreun\u0103 cu cordonul nostru de retrac\u021bie, tricotat sau \u00eempletit.<br \/>\nNumai pentru uz stomatologic.<br \/>\nMai pu\u021bin sensibil la hidroliz\u0103 dec\u00e2t clorura de aluminiu (mai stabil).<br \/>\nIncolor, nep\u0103ta.<br \/>\nPachet: sticla de sticla 20 ml.<\/p>\n","protected":false},"featured_media":374,"comment_status":"open","ping_status":"closed","template":"","meta":[],"product_cat":[27],"product_tag":[],"_links":{"self":[{"href":"https:\/\/ovdental.md\/index.php\/wp-json\/wp\/v2\/product\/373"}],"collection":[{"href":"https:\/\/ovdental.md\/index.php\/wp-json\/wp\/v2\/product"}],"about":[{"href":"https:\/\/ovdental.md\/index.php\/wp-json\/wp\/v2\/types\/product"}],"replies":[{"embeddable":true,"href":"https:\/\/ovdental.md\/index.php\/wp-json\/wp\/v2\/comments?post=373"}],"wp:featuredmedia":[{"embeddable":true,"href":"https:\/\/ovdental.md\/index.php\/wp-json\/wp\/v2\/media\/374"}],"wp:attachment":[{"href":"https:\/\/ovdental.md\/index.php\/wp-json\/wp\/v2\/media?parent=373"}],"wp:term":[{"taxonomy":"product_cat","embeddable":true,"href":"https:\/\/ovdental.md\/index.php\/wp-json\/wp\/v2\/product_cat?post=373"},{"taxonomy":"product_tag","embeddable":true,"href":"https:\/\/ovdental.md\/index.php\/wp-json\/wp\/v2\/product_tag?post=373"}],"curies":[{"name":"wp","href":"https:\/\/api.w.org\/{rel}","templated":true}]}}