{"id":379,"date":"2022-05-05T06:50:10","date_gmt":"2022-05-05T06:50:10","guid":{"rendered":"https:\/\/ovdental.md\/?post_type=product&#038;p=379"},"modified":"2022-05-07T15:43:33","modified_gmt":"2022-05-07T15:43:33","slug":"alan-bavete-cu-buzunar","status":"publish","type":"product","link":"https:\/\/ovdental.md\/index.php\/product\/alan-bavete-cu-buzunar\/","title":{"rendered":"ALAN &#8212; Bavete cu buzunar"},"content":{"rendered":"","protected":false},"excerpt":{"rendered":"<p><strong>ALAN &#8212; Bavete cu buzunar<\/strong><\/p>\n<p><strong>Utilizare standard: protec\u021bia pacientului<\/strong><br \/>\n\u2022 Strat de polietilen\u0103, rezistent la fluide<br \/>\n\u2022 Fibre celulozice absorbante<br \/>\n\u2022 Cu buzunar pentru de\u0219euri<br \/>\n\u2022 Moale \u0219i confortabil<br \/>\n\u2022 U\u0219or de \u00eennodat \u00een jurul g\u00e2tului datorit\u0103 leg\u0103turilor pre-t\u0103iate<br \/>\n\u2022 Culoarea albastra<br \/>\n\u2022 Dimensiune: 38 x 68 cm (+ buzunar de 10 cm)<br \/>\n\u2022 Perioada de valabilitate: 10 ani de la data fabricatiei<br \/>\n\u2022 Dispozitiv medical clasa I, produs de unic\u0103 folosin\u021b\u0103<br \/>\n\u2022 Toleran\u021b\u0103 general\u0103: +\/- 10 %<\/p>\n","protected":false},"featured_media":0,"comment_status":"open","ping_status":"closed","template":"","meta":[],"product_cat":[27],"product_tag":[],"_links":{"self":[{"href":"https:\/\/ovdental.md\/index.php\/wp-json\/wp\/v2\/product\/379"}],"collection":[{"href":"https:\/\/ovdental.md\/index.php\/wp-json\/wp\/v2\/product"}],"about":[{"href":"https:\/\/ovdental.md\/index.php\/wp-json\/wp\/v2\/types\/product"}],"replies":[{"embeddable":true,"href":"https:\/\/ovdental.md\/index.php\/wp-json\/wp\/v2\/comments?post=379"}],"wp:attachment":[{"href":"https:\/\/ovdental.md\/index.php\/wp-json\/wp\/v2\/media?parent=379"}],"wp:term":[{"taxonomy":"product_cat","embeddable":true,"href":"https:\/\/ovdental.md\/index.php\/wp-json\/wp\/v2\/product_cat?post=379"},{"taxonomy":"product_tag","embeddable":true,"href":"https:\/\/ovdental.md\/index.php\/wp-json\/wp\/v2\/product_tag?post=379"}],"curies":[{"name":"wp","href":"https:\/\/api.w.org\/{rel}","templated":true}]}}