{"id":413,"date":"2022-11-24T05:55:41","date_gmt":"2022-11-24T05:55:41","guid":{"rendered":"https:\/\/ovdental.md\/?post_type=product&#038;p=413"},"modified":"2022-11-24T05:55:41","modified_gmt":"2022-11-24T05:55:41","slug":"ritter-concept-ultimate-comfort-smart","status":"publish","type":"product","link":"https:\/\/ovdental.md\/index.php\/product\/ritter-concept-ultimate-comfort-smart\/","title":{"rendered":"Ritter Concept Ultimate Comfort Smart"},"content":{"rendered":"<p>Unitate stomatologic\u0103 german\u0103 Ritter Ultimate Comfort Smart. Livrat cu corpul de iluminat LED Faro ALYA \u00eembun\u0103t\u0103\u021bit cu intensitate luminoas\u0103 de p\u00e2n\u0103 la 50.000 de lux, micromotor \u0219i scaler. O alegere excelent\u0103 pentru stomatologia dumneavoastr\u0103.<br \/>\nAvantaje<\/p>\n<p>Lumin\u0103 de operare LED f\u0103r\u0103 contact<br \/>\nSistem de purificare a apei \u00eencorporat<br \/>\nHidrobloc cu scuipator ceramic pivotant<br \/>\nKit de conectare integrat pentru pompa de vid externa<br \/>\nPedala multifunc\u021bional\u0103 v\u0103 permite s\u0103 controla\u021bi func\u021bionarea sculelor \u0219i mi\u0219c\u0103rile ma\u0219inii<br \/>\nEchipament de baz\u0103<\/p>\n<p>Scaun pacient<\/p>\n<p>Designul ergonomic este convenabil pentru medic \u0219i pacient, ofer\u0103 acces u\u0219or la toate componentele \u0219i ansamblurile<br \/>\nScaunul de instalare are o antrenare electromecanica si sincronizare a rotatiei spatarului si scaunului<br \/>\nZona larga si confortabila pentru mutarea medicului<br \/>\nTapi\u021berie f\u0103r\u0103 sudur\u0103 de \u00eenalt\u0103 calitate, palet\u0103 &#8212; 12 culori<br \/>\nCotiera stanga si dreapta<br \/>\nTetiera dubla articulata<br \/>\nPozi\u021bia Trendelenburg<br \/>\nFunc\u021bia de protec\u021bie a scaunului la lovirea de obstacole<br \/>\nMicromotor \u0219i scaler<\/p>\n<p>Micromotor Ritter f\u0103r\u0103 perii \u00eencorporat cu optic\u0103<br \/>\nScaler ultrasonic \u00eencorporat cu iluminare LED<\/p>\n","protected":false},"excerpt":{"rendered":"<p>Unitate stomatologic\u0103 german\u0103 Ritter Ultimate Comfort Smart. Livrat cu corpul de iluminat LED Faro ALYA \u00eembun\u0103t\u0103\u021bit cu intensitate luminoas\u0103 de p\u00e2n\u0103 la 50.000 de lux, micromotor<span class=\"excerpt-hellip\"> [\u2026]<\/span><\/p>\n","protected":false},"featured_media":414,"comment_status":"open","ping_status":"closed","template":"","meta":[],"product_cat":[15],"product_tag":[],"_links":{"self":[{"href":"https:\/\/ovdental.md\/index.php\/wp-json\/wp\/v2\/product\/413"}],"collection":[{"href":"https:\/\/ovdental.md\/index.php\/wp-json\/wp\/v2\/product"}],"about":[{"href":"https:\/\/ovdental.md\/index.php\/wp-json\/wp\/v2\/types\/product"}],"replies":[{"embeddable":true,"href":"https:\/\/ovdental.md\/index.php\/wp-json\/wp\/v2\/comments?post=413"}],"wp:featuredmedia":[{"embeddable":true,"href":"https:\/\/ovdental.md\/index.php\/wp-json\/wp\/v2\/media\/414"}],"wp:attachment":[{"href":"https:\/\/ovdental.md\/index.php\/wp-json\/wp\/v2\/media?parent=413"}],"wp:term":[{"taxonomy":"product_cat","embeddable":true,"href":"https:\/\/ovdental.md\/index.php\/wp-json\/wp\/v2\/product_cat?post=413"},{"taxonomy":"product_tag","embeddable":true,"href":"https:\/\/ovdental.md\/index.php\/wp-json\/wp\/v2\/product_tag?post=413"}],"curies":[{"name":"wp","href":"https:\/\/api.w.org\/{rel}","templated":true}]}}