{"id":417,"date":"2022-11-24T06:03:38","date_gmt":"2022-11-24T06:03:38","guid":{"rendered":"https:\/\/ovdental.md\/?post_type=product&#038;p=417"},"modified":"2024-08-02T20:14:07","modified_gmt":"2024-08-02T20:14:07","slug":"ritter-contact-world","status":"publish","type":"product","link":"https:\/\/ovdental.md\/index.php\/product\/ritter-contact-world\/","title":{"rendered":"Ritter &#8212; Contact World"},"content":{"rendered":"<p>CONTACT WORLD \u2013<br \/>\no unitate de tratament bazat\u0103 pe peste 130 de ani de experien\u021b\u0103, dezvoltare continu\u0103 a produselor \u0219i \u00eembun\u0103t\u0103\u021biri continue a detaliilor.<br \/>\nO unitate de tratament care va ofera flexibilitate completa in executarea tratamentelor dentare solicitante.<br \/>\nO unitate dentara care a fost atent proiectata pana la ultimul detaliu si care are ceea ce este necesar pentru a deveni un obiect clasic de design.<\/p>\n","protected":false},"excerpt":{"rendered":"<p>CONTACT WORLD \u2013 o unitate de tratament bazat\u0103 pe peste 130 de ani de experien\u021b\u0103, dezvoltare continu\u0103 a produselor \u0219i \u00eembun\u0103t\u0103\u021biri continue a detaliilor. O unitate<span class=\"excerpt-hellip\"> [\u2026]<\/span><\/p>\n","protected":false},"featured_media":418,"comment_status":"open","ping_status":"closed","template":"","meta":[],"product_cat":[15],"product_tag":[],"_links":{"self":[{"href":"https:\/\/ovdental.md\/index.php\/wp-json\/wp\/v2\/product\/417"}],"collection":[{"href":"https:\/\/ovdental.md\/index.php\/wp-json\/wp\/v2\/product"}],"about":[{"href":"https:\/\/ovdental.md\/index.php\/wp-json\/wp\/v2\/types\/product"}],"replies":[{"embeddable":true,"href":"https:\/\/ovdental.md\/index.php\/wp-json\/wp\/v2\/comments?post=417"}],"wp:featuredmedia":[{"embeddable":true,"href":"https:\/\/ovdental.md\/index.php\/wp-json\/wp\/v2\/media\/418"}],"wp:attachment":[{"href":"https:\/\/ovdental.md\/index.php\/wp-json\/wp\/v2\/media?parent=417"}],"wp:term":[{"taxonomy":"product_cat","embeddable":true,"href":"https:\/\/ovdental.md\/index.php\/wp-json\/wp\/v2\/product_cat?post=417"},{"taxonomy":"product_tag","embeddable":true,"href":"https:\/\/ovdental.md\/index.php\/wp-json\/wp\/v2\/product_tag?post=417"}],"curies":[{"name":"wp","href":"https:\/\/api.w.org\/{rel}","templated":true}]}}