{"id":422,"date":"2022-11-24T06:16:38","date_gmt":"2022-11-24T06:16:38","guid":{"rendered":"https:\/\/ovdental.md\/?post_type=product&#038;p=422"},"modified":"2022-11-24T06:16:38","modified_gmt":"2022-11-24T06:16:38","slug":"ritter-dental-compressor","status":"publish","type":"product","link":"https:\/\/ovdental.md\/index.php\/product\/ritter-dental-compressor\/","title":{"rendered":"Ritter &#8212; DENTAL COMPRESSOR"},"content":{"rendered":"<p>Compresoare pentru Cabinete Stomatologice<\/p>\n<p>Cu un angajament fa\u021b\u0103 de construc\u021bia de calitate, caracteristici de top \u0219i tehnologii dovedite, Ritter Dental este alegerea natural\u0103 pentru compresoarele dentare \u0219i sistemele de vid.<\/p>\n<p>Gama extins\u0103 de compresoare pentru cabinetele stomatologice de la Ritter Dental acoper\u0103 orice nevoie de aer. Indiferent dac\u0103 cabinetul dumneavoastr\u0103 are una sau mai multe unit\u0103\u021bi stomatologice, v\u0103 oferim compresoare construite pentru a rezista utiliz\u0103rii zilnice riguroase. Sunt disponibile \u00een dimensiuni compacte \u0219i ofer\u0103 fiabilitate, cu \u00eentre\u021binere minim\u0103 \u0219i niveluri de zgomot mai reduse. L\u0103sa\u021bi compresoarele noastre de \u00eenalt\u0103 performan\u021b\u0103 s\u0103 furnizeze aer complet f\u0103r\u0103 ulei. Avem, de asemenea, op\u021biuni silen\u021bioase, care permit un mediu mai relaxant de \u00eengrijire a pacientului. Alege\u021bi dintr-o gam\u0103 complet\u0103 de echipamente la pre\u021buri competitive, care sunt construite pentru utilizare continu\u0103. Sunt disponibile op\u021biuni pentru volumul rezervorului, usc\u0103tor de aer \u0219i dulap silen\u021bios, \u00eempreun\u0103 cu filtre pentru aer steril \u0219i aer medical. Experimenta\u021bi fiabilitatea unui compresor Ritter Dental!<\/p>\n<p>Repere ale compresorului<\/p>\n<p>Modele f\u0103r\u0103 ulei, cu presiune reglabil\u0103<br \/>\n\u00centre\u021binere redus\u0103<br \/>\nCosturi opera\u021bionale reduse<br \/>\nNiveluri reduse de zgomot<br \/>\nProtectie termala<br \/>\nProiecte de serviciu continuu<br \/>\nGama de la 75 CP la 4 CP<br \/>\nC\u0103uta\u021bi un sistem de alimentare combinat care s\u0103 v\u0103 satisfac\u0103 cerin\u021bele? Ritter Dental a combinat un compresor \u0219i o unitate de aspira\u021bie \u00eentr-un singur dulap metalic. Beneficia\u021bi de a avea un compresor de aer dentar \u0219i un sistem de aspira\u021bie instalate convenabil pentru o plasare \u0219i o utilizare eficient\u0103. Calitatea, fiabilitatea \u0219i valoarea sunt toate ale dumneavoastr\u0103 atunci c\u00e2nd comanda\u021bi compresoare \u0219i sisteme de vid de la noi ast\u0103zi!<\/p>\n","protected":false},"excerpt":{"rendered":"<p>Compresoare pentru Cabinete Stomatologice Cu un angajament fa\u021b\u0103 de construc\u021bia de calitate, caracteristici de top \u0219i tehnologii dovedite, Ritter Dental este alegerea natural\u0103 pentru compresoarele dentare<span class=\"excerpt-hellip\"> [\u2026]<\/span><\/p>\n","protected":false},"featured_media":423,"comment_status":"open","ping_status":"closed","template":"","meta":[],"product_cat":[15],"product_tag":[],"_links":{"self":[{"href":"https:\/\/ovdental.md\/index.php\/wp-json\/wp\/v2\/product\/422"}],"collection":[{"href":"https:\/\/ovdental.md\/index.php\/wp-json\/wp\/v2\/product"}],"about":[{"href":"https:\/\/ovdental.md\/index.php\/wp-json\/wp\/v2\/types\/product"}],"replies":[{"embeddable":true,"href":"https:\/\/ovdental.md\/index.php\/wp-json\/wp\/v2\/comments?post=422"}],"wp:featuredmedia":[{"embeddable":true,"href":"https:\/\/ovdental.md\/index.php\/wp-json\/wp\/v2\/media\/423"}],"wp:attachment":[{"href":"https:\/\/ovdental.md\/index.php\/wp-json\/wp\/v2\/media?parent=422"}],"wp:term":[{"taxonomy":"product_cat","embeddable":true,"href":"https:\/\/ovdental.md\/index.php\/wp-json\/wp\/v2\/product_cat?post=422"},{"taxonomy":"product_tag","embeddable":true,"href":"https:\/\/ovdental.md\/index.php\/wp-json\/wp\/v2\/product_tag?post=422"}],"curies":[{"name":"wp","href":"https:\/\/api.w.org\/{rel}","templated":true}]}}